{"id":4483,"date":"2026-01-16T16:07:12","date_gmt":"2026-01-16T16:07:12","guid":{"rendered":"https:\/\/gtvw.net\/chrystellia-award\/"},"modified":"2026-01-16T23:15:30","modified_gmt":"2026-01-16T23:15:30","slug":"premio-chrystellia","status":"publish","type":"page","link":"https:\/\/gtvw.net\/es\/premio-chrystellia\/","title":{"rendered":"Premio Chrystellia"},"content":{"rendered":"<div class=\"wpb-content-wrapper\"><p>[vc_row][vc_column][vc_column_text]<\/p>\n<h1 style=\"text-align: justify;\"><span style=\"color: #333399;\">PREMIO CHRYSTELLIA<\/span><\/h1>\n<p data-start=\"0\" data-end=\"328\">Es una distinci\u00f3n creada por las productoras cinematogr\u00e1ficas De Angeles Films, Blue Paper Filmworks y Tanok Art Productions, en colaboraci\u00f3n con GuitarTV World. El premio se otorga en el marco de importantes competiciones internacionales, como el Hubert K\u00e4ppel International Guitar Competition en Koblenz. Su objetivo es destacar y celebrar a j\u00f3venes artistas sobresalientes, dando visibilidad a nuevas generaciones de guitarristas con proyecci\u00f3n internacional y apoyando su desarrollo art\u00edstico en una etapa clave de sus carreras.<\/p>\n<p data-start=\"561\" data-end=\"761\">El premio incluye varias producciones profesionales sobre el ganador, como clips musicales y un portrait con una entrevista, ofreciendo una oportunidad para mostrar su arte a un p\u00fablico internacional amplio.<\/p>\n<p data-start=\"763\" data-end=\"833\" data-is-last-node=\"\" data-is-only-node=\"\">\u00a1Un reconocimiento que impulsa el talento, el crecimiento y el futuro!<\/p>\n<p>[\/vc_column_text][\/vc_column][\/vc_row][vc_row][vc_column]\r\n\t\t\t<div class=\"smart-box  smart-box-style-1 is-carousel\" id=\"683070111\"><div class=\"smart-box-head\" ><h2 class=\"light-title title\">SAMRAT MAJUMDER<\/h2><div class=\"smart-control pull-right\">\r\n\t\t\t\t\t<a class=\"prev maincolor2 bordercolor2 bgcolor2hover\" href=\"#\" style=\"display: inline-block;\"><i class=\"fa fa-angle-left\"><\/i><\/a>\r\n\t\t\t\t\t<a class=\"next maincolor2 bordercolor2 bgcolor2hover\" href=\"#\" style=\"display: inline-block;\"><i class=\"fa fa-angle-right\"><\/i><\/a><\/div>\r\n\t\t\t<\/div><div class=\"smart-box-content\"><div class=\"smart-item \">\r\n\t\t\t\t\t<div class=\"row\">\n\t\t\t\t\t\t<div class=\"col-md-6 col-sm-12\"> \n\t\t\t\t<div class=\"qv_tooltip\"  title=\"\n\t\t\t\t\t<h4 class='gv-title'>Portrait: Samrat Majumder<\/h4>\n\t\t\t\t\t<div class='gv-ex' >Portrait and Interview with Chrystellia Award Winner Samrat Majumder<\/div>\n\t\t\t\t\t<div class= 'gv-button'><div class='quick-view'><a href=https:\/\/gtvw.net\/es\/portrait-samrat-majumder\/ title='Portrait: Samrat Majumder'>Watch Now<\/a><\/div>\n\t\t\t\t\t\t<div class= 'gv-link'><div><a href='\/\/www.youtube.com\/embed\/HLaaaCmlbaY?rel=0&#038;wmode=transparent' data-post-id='4472'data-video-id='HLaaaCmlbaY' data-video-type='youtube' class='quickview'  title='Portrait: Samrat Majumder' data-embed='' data-url='https:\/\/gtvw.net\/es\/portrait-samrat-majumder\/' id='light_box'>Quick View<\/a><\/div><\/div>\n\t\t\t\t\t<\/div>\n\t\t\t\t\t<\/div>\n\t\t\t\t\">\t\n\t\t\t\t<div class=\"video-item format-video\">\n\t\t\t\t\t<div class=\"item-thumbnail\"><a href=\"https:\/\/gtvw.net\/es\/portrait-samrat-majumder\/\" title=\"Portrait: Samrat Majumder\"><img loading=\"lazy\" decoding=\"async\" width=\"370\" height=\"208\"  src=\"https:\/\/gtvw.net\/wp-content\/uploads\/2026\/01\/Portrait-Samrat-370x208.jpg\" srcset=\"https:\/\/gtvw.net\/wp-content\/uploads\/2026\/01\/Portrait-Samrat-370x208.jpg 370w, https:\/\/gtvw.net\/wp-content\/uploads\/2026\/01\/Portrait-Samrat-300x169.jpg 300w, https:\/\/gtvw.net\/wp-content\/uploads\/2026\/01\/Portrait-Samrat-1024x576.jpg 1024w, https:\/\/gtvw.net\/wp-content\/uploads\/2026\/01\/Portrait-Samrat-768x432.jpg 768w, https:\/\/gtvw.net\/wp-content\/uploads\/2026\/01\/Portrait-Samrat-1536x864.jpg 1536w, https:\/\/gtvw.net\/wp-content\/uploads\/2026\/01\/Portrait-Samrat-520x293.jpg 520w, https:\/\/gtvw.net\/wp-content\/uploads\/2026\/01\/Portrait-Samrat-260x146.jpg 260w, https:\/\/gtvw.net\/wp-content\/uploads\/2026\/01\/Portrait-Samrat-356x200.jpg 356w, https:\/\/gtvw.net\/wp-content\/uploads\/2026\/01\/Portrait-Samrat-180x101.jpg 180w, https:\/\/gtvw.net\/wp-content\/uploads\/2026\/01\/Portrait-Samrat-130x73.jpg 130w, https:\/\/gtvw.net\/wp-content\/uploads\/2026\/01\/Portrait-Samrat-748x421.jpg 748w, https:\/\/gtvw.net\/wp-content\/uploads\/2026\/01\/Portrait-Samrat-624x351.jpg 624w, https:\/\/gtvw.net\/wp-content\/uploads\/2026\/01\/Portrait-Samrat.jpg 1920w\" sizes=\"auto, (max-width: 370px) 100vw, 370px\" alt=\"Portrait Samrat\"\/><div class=\"link-overlay fa fa-play \"><\/div><\/a>\n\t\t\t\t\t\t<div class=\"item-head\">\n\t\t\t\t\t\t\t<h3><a href=\"https:\/\/gtvw.net\/es\/portrait-samrat-majumder\/\">Portrait: Samrat Majumder<\/a><\/h3>\n\t\t\t\t\t\t<\/div><\/div>\n\t\t\t\t<\/div><\/div> <\/div>\n\t\t\t\t\t\t<div class=\"col-md-3 col-sm-6 col-xs-6\"> \n\t\t\t\t<div class=\"qv_tooltip\"  title=\"\n\t\t\t\t\t<h4 class='gv-title'>Samrat Majumder interpreta Canci\u00f3n del Emperador<\/h4>\n\t\t\t\t\t<div class='gv-ex' >Samrat Majumder interpreta Cancion del Emperador<\/div>\n\t\t\t\t\t<div class= 'gv-button'><div class='quick-view'><a href=https:\/\/gtvw.net\/es\/samrat-majumder-plays-cancion-del-emperador\/ title='Samrat Majumder interpreta Canci\u00f3n del Emperador'>Watch Now<\/a><\/div>\n\t\t\t\t\t\t<div class= 'gv-link'><div><a href='\/\/www.youtube.com\/embed\/q7QoKn5owkI?rel=0&#038;wmode=transparent' data-post-id='4469'data-video-id='q7QoKn5owkI' data-video-type='youtube' class='quickview'  title='Samrat Majumder interpreta Canci\u00f3n del Emperador' data-embed='' data-url='https:\/\/gtvw.net\/es\/samrat-majumder-plays-cancion-del-emperador\/' id='light_box'>Quick View<\/a><\/div><\/div>\n\t\t\t\t\t<\/div>\n\t\t\t\t\t<\/div>\n\t\t\t\t\">\t\n\t\t\t\t<div class=\"video-item format-video\">\n\t\t\t\t\t<div class=\"item-thumbnail\"><a href=\"https:\/\/gtvw.net\/es\/samrat-majumder-plays-cancion-del-emperador\/\" title=\"Samrat Majumder interpreta Canci\u00f3n del Emperador\"><img loading=\"lazy\" decoding=\"async\" width=\"180\" height=\"101\"  src=\"https:\/\/gtvw.net\/wp-content\/uploads\/2026\/01\/Narvaez-thumbnail-180x101.jpg\" srcset=\"https:\/\/gtvw.net\/wp-content\/uploads\/2026\/01\/Narvaez-thumbnail-180x101.jpg 180w, https:\/\/gtvw.net\/wp-content\/uploads\/2026\/01\/Narvaez-thumbnail-300x169.jpg 300w, https:\/\/gtvw.net\/wp-content\/uploads\/2026\/01\/Narvaez-thumbnail-1024x576.jpg 1024w, https:\/\/gtvw.net\/wp-content\/uploads\/2026\/01\/Narvaez-thumbnail-768x432.jpg 768w, https:\/\/gtvw.net\/wp-content\/uploads\/2026\/01\/Narvaez-thumbnail-1536x864.jpg 1536w, https:\/\/gtvw.net\/wp-content\/uploads\/2026\/01\/Narvaez-thumbnail-520x293.jpg 520w, https:\/\/gtvw.net\/wp-content\/uploads\/2026\/01\/Narvaez-thumbnail-260x146.jpg 260w, https:\/\/gtvw.net\/wp-content\/uploads\/2026\/01\/Narvaez-thumbnail-356x200.jpg 356w, https:\/\/gtvw.net\/wp-content\/uploads\/2026\/01\/Narvaez-thumbnail-370x208.jpg 370w, https:\/\/gtvw.net\/wp-content\/uploads\/2026\/01\/Narvaez-thumbnail-130x73.jpg 130w, https:\/\/gtvw.net\/wp-content\/uploads\/2026\/01\/Narvaez-thumbnail-748x421.jpg 748w, https:\/\/gtvw.net\/wp-content\/uploads\/2026\/01\/Narvaez-thumbnail-624x351.jpg 624w, https:\/\/gtvw.net\/wp-content\/uploads\/2026\/01\/Narvaez-thumbnail.jpg 1920w\" sizes=\"auto, (max-width: 180px) 100vw, 180px\" alt=\"Narvaez thumbnail\"\/><div class=\"link-overlay fa fa-play \"><\/div><\/a>\n\t\t\t\t\t\t<div class=\"item-head\">\n\t\t\t\t\t\t\t<h3><a href=\"https:\/\/gtvw.net\/es\/samrat-majumder-plays-cancion-del-emperador\/\">Samrat Majumder interpreta Canci\u00f3n del Emperador<\/a><\/h3>\n\t\t\t\t\t\t<\/div><\/div>\n\t\t\t\t<\/div><\/div> <\/div>\n\t\t\t\t\t\t<div class=\"col-md-3 col-sm-6 col-xs-6\"> \n\t\t\t\t<div class=\"qv_tooltip\"  title=\"\n\t\t\t\t\t<h4 class='gv-title'>Samrat Majumder interpreta Caazap\u00e1<\/h4>\n\t\t\t\t\t<div class='gv-ex' >Samrat Majumder interpreta Cazap\u00e1<\/div>\n\t\t\t\t\t<div class= 'gv-button'><div class='quick-view'><a href=https:\/\/gtvw.net\/es\/samrat-majumder-interpreta-caazapa\/ title='Samrat Majumder interpreta Caazap\u00e1'>Watch Now<\/a><\/div>\n\t\t\t\t\t\t<div class= 'gv-link'><div><a href='\/\/www.youtube.com\/embed\/axq38p9GBJ4?rel=0&#038;wmode=transparent' data-post-id='4462'data-video-id='axq38p9GBJ4' data-video-type='youtube' class='quickview'  title='Samrat Majumder interpreta Caazap\u00e1' data-embed='' data-url='https:\/\/gtvw.net\/es\/samrat-majumder-interpreta-caazapa\/' id='light_box'>Quick View<\/a><\/div><\/div>\n\t\t\t\t\t<\/div>\n\t\t\t\t\t<\/div>\n\t\t\t\t\">\t\n\t\t\t\t<div class=\"video-item format-video\">\n\t\t\t\t\t<div class=\"item-thumbnail\"><a href=\"https:\/\/gtvw.net\/es\/samrat-majumder-interpreta-caazapa\/\" title=\"Samrat Majumder interpreta Caazap\u00e1\"><img loading=\"lazy\" decoding=\"async\" width=\"180\" height=\"101\"  src=\"https:\/\/gtvw.net\/wp-content\/uploads\/2026\/01\/Caazapa-thumbnail-180x101.jpg\" srcset=\"https:\/\/gtvw.net\/wp-content\/uploads\/2026\/01\/Caazapa-thumbnail-180x101.jpg 180w, https:\/\/gtvw.net\/wp-content\/uploads\/2026\/01\/Caazapa-thumbnail-300x169.jpg 300w, https:\/\/gtvw.net\/wp-content\/uploads\/2026\/01\/Caazapa-thumbnail-1024x576.jpg 1024w, https:\/\/gtvw.net\/wp-content\/uploads\/2026\/01\/Caazapa-thumbnail-768x432.jpg 768w, https:\/\/gtvw.net\/wp-content\/uploads\/2026\/01\/Caazapa-thumbnail-1536x864.jpg 1536w, https:\/\/gtvw.net\/wp-content\/uploads\/2026\/01\/Caazapa-thumbnail-520x293.jpg 520w, https:\/\/gtvw.net\/wp-content\/uploads\/2026\/01\/Caazapa-thumbnail-260x146.jpg 260w, https:\/\/gtvw.net\/wp-content\/uploads\/2026\/01\/Caazapa-thumbnail-356x200.jpg 356w, https:\/\/gtvw.net\/wp-content\/uploads\/2026\/01\/Caazapa-thumbnail-370x208.jpg 370w, https:\/\/gtvw.net\/wp-content\/uploads\/2026\/01\/Caazapa-thumbnail-130x73.jpg 130w, https:\/\/gtvw.net\/wp-content\/uploads\/2026\/01\/Caazapa-thumbnail-748x421.jpg 748w, https:\/\/gtvw.net\/wp-content\/uploads\/2026\/01\/Caazapa-thumbnail-624x351.jpg 624w, https:\/\/gtvw.net\/wp-content\/uploads\/2026\/01\/Caazapa-thumbnail.jpg 1920w\" sizes=\"auto, (max-width: 180px) 100vw, 180px\" alt=\"Caazapa thumbnail\"\/><div class=\"link-overlay fa fa-play \"><\/div><\/a>\n\t\t\t\t\t\t<div class=\"item-head\">\n\t\t\t\t\t\t\t<h3><a href=\"https:\/\/gtvw.net\/es\/samrat-majumder-interpreta-caazapa\/\">Samrat Majumder interpreta Caazap\u00e1<\/a><\/h3>\n\t\t\t\t\t\t<\/div><\/div>\n\t\t\t\t<\/div><\/div> <\/div><\/div><\/div><\/div><\/div><div class=\"clear\"><\/div>[\/vc_column][\/vc_row]<\/p>\n<\/div>","protected":false},"excerpt":{"rendered":"<p>[vc_row][vc_column][vc_column_text] PREMIO CHRYSTELLIA Es una distinci\u00f3n creada por las productoras cinematogr\u00e1ficas De Angeles Films, Blue Paper Filmworks y Tanok Art Productions, en colaboraci\u00f3n con GuitarTV World. El premio se otorga en el marco de importantes competiciones internacionales, como el Hubert K\u00e4ppel International Guitar Competition en Koblenz. Su objetivo es destacar y celebrar a j\u00f3venes artistas sobresalientes, dando visibilidad a nuevas generaciones de guitarristas con proyecci\u00f3n internacional y apoyando su desarrollo art\u00edstico en una etapa clave de sus carreras. El premio incluye varias producciones profesionales sobre el ganador, como clips musicales y un portrait con una entrevista, ofreciendo una oportunidad para mostrar su arte a un p\u00fablico internacional amplio. \u00a1Un reconocimiento [&hellip;]<\/p>\n","protected":false},"author":7,"featured_media":4413,"parent":0,"menu_order":0,"comment_status":"closed","ping_status":"closed","template":"","meta":{"footnotes":""},"class_list":["post-4483","page","type-page","status-publish","has-post-thumbnail","hentry"],"yoast_head":"<!-- This site is optimized with the Yoast SEO plugin v26.7 - https:\/\/yoast.com\/wordpress\/plugins\/seo\/ -->\n<title>Premio Chrystellia - GTVW Music Television<\/title>\n<meta name=\"robots\" content=\"index, follow, max-snippet:-1, max-image-preview:large, max-video-preview:-1\" \/>\n<link rel=\"canonical\" href=\"https:\/\/gtvw.net\/es\/premio-chrystellia\/\" \/>\n<meta property=\"og:locale\" content=\"es_ES\" \/>\n<meta property=\"og:type\" content=\"article\" \/>\n<meta property=\"og:title\" content=\"Premio Chrystellia - GTVW Music Television\" \/>\n<meta property=\"og:description\" content=\"[vc_row][vc_column][vc_column_text] PREMIO CHRYSTELLIA Es una distinci\u00f3n creada por las productoras cinematogr\u00e1ficas De Angeles Films, Blue Paper Filmworks y Tanok Art Productions, en colaboraci\u00f3n con GuitarTV World. El premio se otorga en el marco de importantes competiciones internacionales, como el Hubert K\u00e4ppel International Guitar Competition en Koblenz. Su objetivo es destacar y celebrar a j\u00f3venes artistas sobresalientes, dando visibilidad a nuevas generaciones de guitarristas con proyecci\u00f3n internacional y apoyando su desarrollo art\u00edstico en una etapa clave de sus carreras. El premio incluye varias producciones profesionales sobre el ganador, como clips musicales y un portrait con una entrevista, ofreciendo una oportunidad para mostrar su arte a un p\u00fablico internacional amplio. \u00a1Un reconocimiento [&hellip;]\" \/>\n<meta property=\"og:url\" content=\"https:\/\/gtvw.net\/es\/premio-chrystellia\/\" \/>\n<meta property=\"og:site_name\" content=\"GTVW Music Television\" \/>\n<meta property=\"article:modified_time\" content=\"2026-01-16T23:15:30+00:00\" \/>\n<meta property=\"og:image\" content=\"https:\/\/gtvw.net\/wp-content\/uploads\/2026\/01\/Portrait-Samrat.jpg\" \/>\n\t<meta property=\"og:image:width\" content=\"1920\" \/>\n\t<meta property=\"og:image:height\" content=\"1080\" \/>\n\t<meta property=\"og:image:type\" content=\"image\/jpeg\" \/>\n<meta name=\"twitter:card\" content=\"summary_large_image\" \/>\n<meta name=\"twitter:label1\" content=\"Tiempo de lectura\" \/>\n\t<meta name=\"twitter:data1\" content=\"1 minuto\" \/>\n<script type=\"application\/ld+json\" class=\"yoast-schema-graph\">{\"@context\":\"https:\/\/schema.org\",\"@graph\":[{\"@type\":\"WebPage\",\"@id\":\"https:\/\/gtvw.net\/es\/premio-chrystellia\/\",\"url\":\"https:\/\/gtvw.net\/es\/premio-chrystellia\/\",\"name\":\"Premio Chrystellia - GTVW Music Television\",\"isPartOf\":{\"@id\":\"https:\/\/gtvw.net\/#website\"},\"primaryImageOfPage\":{\"@id\":\"https:\/\/gtvw.net\/es\/premio-chrystellia\/#primaryimage\"},\"image\":{\"@id\":\"https:\/\/gtvw.net\/es\/premio-chrystellia\/#primaryimage\"},\"thumbnailUrl\":\"https:\/\/gtvw.net\/wp-content\/uploads\/2026\/01\/Portrait-Samrat.jpg\",\"datePublished\":\"2026-01-16T16:07:12+00:00\",\"dateModified\":\"2026-01-16T23:15:30+00:00\",\"breadcrumb\":{\"@id\":\"https:\/\/gtvw.net\/es\/premio-chrystellia\/#breadcrumb\"},\"inLanguage\":\"es\",\"potentialAction\":[{\"@type\":\"ReadAction\",\"target\":[\"https:\/\/gtvw.net\/es\/premio-chrystellia\/\"]}]},{\"@type\":\"ImageObject\",\"inLanguage\":\"es\",\"@id\":\"https:\/\/gtvw.net\/es\/premio-chrystellia\/#primaryimage\",\"url\":\"https:\/\/gtvw.net\/wp-content\/uploads\/2026\/01\/Portrait-Samrat.jpg\",\"contentUrl\":\"https:\/\/gtvw.net\/wp-content\/uploads\/2026\/01\/Portrait-Samrat.jpg\",\"width\":1920,\"height\":1080},{\"@type\":\"BreadcrumbList\",\"@id\":\"https:\/\/gtvw.net\/es\/premio-chrystellia\/#breadcrumb\",\"itemListElement\":[{\"@type\":\"ListItem\",\"position\":1,\"name\":\"Home\",\"item\":\"https:\/\/gtvw.net\/es\/\"},{\"@type\":\"ListItem\",\"position\":2,\"name\":\"Premio Chrystellia\"}]},{\"@type\":\"WebSite\",\"@id\":\"https:\/\/gtvw.net\/#website\",\"url\":\"https:\/\/gtvw.net\/\",\"name\":\"Guitar TV World\",\"description\":\"\",\"publisher\":{\"@id\":\"https:\/\/gtvw.net\/#organization\"},\"potentialAction\":[{\"@type\":\"SearchAction\",\"target\":{\"@type\":\"EntryPoint\",\"urlTemplate\":\"https:\/\/gtvw.net\/?s={search_term_string}\"},\"query-input\":{\"@type\":\"PropertyValueSpecification\",\"valueRequired\":true,\"valueName\":\"search_term_string\"}}],\"inLanguage\":\"es\"},{\"@type\":\"Organization\",\"@id\":\"https:\/\/gtvw.net\/#organization\",\"name\":\"Guitar TV World\",\"url\":\"https:\/\/gtvw.net\/\",\"logo\":{\"@type\":\"ImageObject\",\"inLanguage\":\"es\",\"@id\":\"https:\/\/gtvw.net\/#\/schema\/logo\/image\/\",\"url\":\"https:\/\/gtvw.net\/wp-content\/uploads\/2015\/08\/Horizont_Transp_clara.png\",\"contentUrl\":\"https:\/\/gtvw.net\/wp-content\/uploads\/2015\/08\/Horizont_Transp_clara.png\",\"width\":333,\"height\":67,\"caption\":\"Guitar TV World\"},\"image\":{\"@id\":\"https:\/\/gtvw.net\/#\/schema\/logo\/image\/\"}}]}<\/script>\n<!-- \/ Yoast SEO plugin. -->","yoast_head_json":{"title":"Premio Chrystellia - GTVW Music Television","robots":{"index":"index","follow":"follow","max-snippet":"max-snippet:-1","max-image-preview":"max-image-preview:large","max-video-preview":"max-video-preview:-1"},"canonical":"https:\/\/gtvw.net\/es\/premio-chrystellia\/","og_locale":"es_ES","og_type":"article","og_title":"Premio Chrystellia - GTVW Music Television","og_description":"[vc_row][vc_column][vc_column_text] PREMIO CHRYSTELLIA Es una distinci\u00f3n creada por las productoras cinematogr\u00e1ficas De Angeles Films, Blue Paper Filmworks y Tanok Art Productions, en colaboraci\u00f3n con GuitarTV World. El premio se otorga en el marco de importantes competiciones internacionales, como el Hubert K\u00e4ppel International Guitar Competition en Koblenz. Su objetivo es destacar y celebrar a j\u00f3venes artistas sobresalientes, dando visibilidad a nuevas generaciones de guitarristas con proyecci\u00f3n internacional y apoyando su desarrollo art\u00edstico en una etapa clave de sus carreras. El premio incluye varias producciones profesionales sobre el ganador, como clips musicales y un portrait con una entrevista, ofreciendo una oportunidad para mostrar su arte a un p\u00fablico internacional amplio. \u00a1Un reconocimiento [&hellip;]","og_url":"https:\/\/gtvw.net\/es\/premio-chrystellia\/","og_site_name":"GTVW Music Television","article_modified_time":"2026-01-16T23:15:30+00:00","og_image":[{"width":1920,"height":1080,"url":"https:\/\/gtvw.net\/wp-content\/uploads\/2026\/01\/Portrait-Samrat.jpg","type":"image\/jpeg"}],"twitter_card":"summary_large_image","twitter_misc":{"Tiempo de lectura":"1 minuto"},"schema":{"@context":"https:\/\/schema.org","@graph":[{"@type":"WebPage","@id":"https:\/\/gtvw.net\/es\/premio-chrystellia\/","url":"https:\/\/gtvw.net\/es\/premio-chrystellia\/","name":"Premio Chrystellia - GTVW Music Television","isPartOf":{"@id":"https:\/\/gtvw.net\/#website"},"primaryImageOfPage":{"@id":"https:\/\/gtvw.net\/es\/premio-chrystellia\/#primaryimage"},"image":{"@id":"https:\/\/gtvw.net\/es\/premio-chrystellia\/#primaryimage"},"thumbnailUrl":"https:\/\/gtvw.net\/wp-content\/uploads\/2026\/01\/Portrait-Samrat.jpg","datePublished":"2026-01-16T16:07:12+00:00","dateModified":"2026-01-16T23:15:30+00:00","breadcrumb":{"@id":"https:\/\/gtvw.net\/es\/premio-chrystellia\/#breadcrumb"},"inLanguage":"es","potentialAction":[{"@type":"ReadAction","target":["https:\/\/gtvw.net\/es\/premio-chrystellia\/"]}]},{"@type":"ImageObject","inLanguage":"es","@id":"https:\/\/gtvw.net\/es\/premio-chrystellia\/#primaryimage","url":"https:\/\/gtvw.net\/wp-content\/uploads\/2026\/01\/Portrait-Samrat.jpg","contentUrl":"https:\/\/gtvw.net\/wp-content\/uploads\/2026\/01\/Portrait-Samrat.jpg","width":1920,"height":1080},{"@type":"BreadcrumbList","@id":"https:\/\/gtvw.net\/es\/premio-chrystellia\/#breadcrumb","itemListElement":[{"@type":"ListItem","position":1,"name":"Home","item":"https:\/\/gtvw.net\/es\/"},{"@type":"ListItem","position":2,"name":"Premio Chrystellia"}]},{"@type":"WebSite","@id":"https:\/\/gtvw.net\/#website","url":"https:\/\/gtvw.net\/","name":"Guitar TV World","description":"","publisher":{"@id":"https:\/\/gtvw.net\/#organization"},"potentialAction":[{"@type":"SearchAction","target":{"@type":"EntryPoint","urlTemplate":"https:\/\/gtvw.net\/?s={search_term_string}"},"query-input":{"@type":"PropertyValueSpecification","valueRequired":true,"valueName":"search_term_string"}}],"inLanguage":"es"},{"@type":"Organization","@id":"https:\/\/gtvw.net\/#organization","name":"Guitar TV World","url":"https:\/\/gtvw.net\/","logo":{"@type":"ImageObject","inLanguage":"es","@id":"https:\/\/gtvw.net\/#\/schema\/logo\/image\/","url":"https:\/\/gtvw.net\/wp-content\/uploads\/2015\/08\/Horizont_Transp_clara.png","contentUrl":"https:\/\/gtvw.net\/wp-content\/uploads\/2015\/08\/Horizont_Transp_clara.png","width":333,"height":67,"caption":"Guitar TV World"},"image":{"@id":"https:\/\/gtvw.net\/#\/schema\/logo\/image\/"}}]}},"_links":{"self":[{"href":"https:\/\/gtvw.net\/es\/wp-json\/wp\/v2\/pages\/4483","targetHints":{"allow":["GET"]}}],"collection":[{"href":"https:\/\/gtvw.net\/es\/wp-json\/wp\/v2\/pages"}],"about":[{"href":"https:\/\/gtvw.net\/es\/wp-json\/wp\/v2\/types\/page"}],"author":[{"embeddable":true,"href":"https:\/\/gtvw.net\/es\/wp-json\/wp\/v2\/users\/7"}],"replies":[{"embeddable":true,"href":"https:\/\/gtvw.net\/es\/wp-json\/wp\/v2\/comments?post=4483"}],"version-history":[{"count":3,"href":"https:\/\/gtvw.net\/es\/wp-json\/wp\/v2\/pages\/4483\/revisions"}],"predecessor-version":[{"id":4486,"href":"https:\/\/gtvw.net\/es\/wp-json\/wp\/v2\/pages\/4483\/revisions\/4486"}],"wp:featuredmedia":[{"embeddable":true,"href":"https:\/\/gtvw.net\/es\/wp-json\/wp\/v2\/media\/4413"}],"wp:attachment":[{"href":"https:\/\/gtvw.net\/es\/wp-json\/wp\/v2\/media?parent=4483"}],"curies":[{"name":"wp","href":"https:\/\/api.w.org\/{rel}","templated":true}]}}