{"id":3769,"date":"2018-06-08T14:59:03","date_gmt":"2018-06-08T14:59:03","guid":{"rendered":"http:\/\/gtvw.net\/?page_id=3769"},"modified":"2018-06-08T15:14:46","modified_gmt":"2018-06-08T15:14:46","slug":"award-series","status":"publish","type":"page","link":"https:\/\/gtvw.net\/es\/award-series\/","title":{"rendered":"Award series"},"content":{"rendered":"<div class=\"wpb-content-wrapper\"><p>[vc_row][vc_column][vc_column_text]<\/p>\n<h1 style=\"text-align: justify;\"><span style=\"color: #333399;\">AWARD SERIES<\/span><\/h1>\n<p style=\"text-align: justify;\"><span style=\"color: #000000;\">Guitar TV World inicia su award series presentando al guitarrista australiano Campbell Diamond, ganador del concurso Internacional Hubert K\u00e4ppel 2017. En esta producci\u00f3n Campbell nos ofrece una magistral interpretaci\u00f3n de la Allemande y Courante de la suite BWV 1012 original para cello de Johann Sebastian Bach. Disfruten de este talentoso guitarrista!<\/span><\/p>\n<p>[\/vc_column_text][\/vc_column][\/vc_row][vc_row][vc_column]\r\n\t\t\t<div class=\"smart-box  smart-box-style-4 is-carousel\" id=\"1480371889\"><div class=\"smart-box-head\" ><h2 class=\"light-title title\"><\/h2><div class=\"smart-control pull-right\">\r\n\t\t\t\t\t<a class=\"prev maincolor2 bordercolor2 bgcolor2hover\" href=\"#\" style=\"display: inline-block;\"><i class=\"fa fa-angle-left\"><\/i><\/a>\r\n\t\t\t\t\t<a class=\"next maincolor2 bordercolor2 bgcolor2hover\" href=\"#\" style=\"display: inline-block;\"><i class=\"fa fa-angle-right\"><\/i><\/a><\/div>\r\n\t\t\t<\/div><div class=\"smart-box-content\"><div class=\"smart-item it-row\">\r\n\t\t\t\t\t<div class=\"row\">\t\n\t\t\t<div class=\"video-item format-video\">\n\t\t\t   <div class=\"col-md-6 col-sm-6\">\n\t\t\t\t\t<div class=\"qv_tooltip\"  title=\"\n\t\t\t\t\t\t<h4 class='gv-title'>Award series: Campbell Diamond<\/h4>\n\t\t\t\t\t\t<div class='gv-ex' >[vc_row][vc_column][vc_column_text] Award series: Campbell Diamond Guitar TV World inicia su serie de laureados presentando al j\u00f3ven guitarrista australiano Campbell Diamond, ganador del Concurso de Guitarra Hubert K\u00e4ppel 2017 del Festival internacional de\u00a0 Koblenz.\u00a0 En esta producci\u00f3n, Campbell nos ofrece una magistral interpretaci\u00f3n de la Allemane y Courante de la suite para Cello BWV 1012 de J. S. Bach. Disfruten de este talentoso guitarrista! [\/vc_column_text][\/vc_column][\/vc_row][vc_row][vc_column][vc_column_text] [\/vc_column_text][\/vc_column][\/vc_row]<\/div>\n\t\t\t\t\t\t<div class= 'gv-button'><div class='quick-view'><a href=https:\/\/gtvw.net\/es\/campbell_diamond\/ title='Award series: Campbell Diamond'>Watch Now<\/a><\/div>\n\t\t\t\t\t\t\t<div class= 'gv-link'><div><a href='\/\/www.youtube.com\/embed\/vx_GYttAhN0?rel=0&#038;wmode=transparent' data-post-id='3736'data-video-id='vx_GYttAhN0' data-video-type='youtube' class='quickview'  title='Award series: Campbell Diamond' data-embed='' data-url='https:\/\/gtvw.net\/es\/campbell_diamond\/' id='light_box'>Quick View<\/a><\/div><\/div>\n\t\t\t\t\t\t<\/div>\n\t\t\t\t\t\t<\/div>\n\t\t\t\t\t\">\t\n\t\t\t\t\t<div class=\"item-thumbnail\"><a href=\"https:\/\/gtvw.net\/es\/campbell_diamond\/\" title=\"Award series: Campbell Diamond\"><img loading=\"lazy\" decoding=\"async\" width=\"370\" height=\"208\"  src=\"https:\/\/gtvw.net\/wp-content\/uploads\/2018\/06\/tristan-angenendt-plays-last-enc-1-370x208.jpg\" srcset=\"https:\/\/gtvw.net\/wp-content\/uploads\/2018\/06\/tristan-angenendt-plays-last-enc-1-370x208.jpg 370w, https:\/\/gtvw.net\/wp-content\/uploads\/2018\/06\/tristan-angenendt-plays-last-enc-1-300x169.jpg 300w, https:\/\/gtvw.net\/wp-content\/uploads\/2018\/06\/tristan-angenendt-plays-last-enc-1-768x432.jpg 768w, https:\/\/gtvw.net\/wp-content\/uploads\/2018\/06\/tristan-angenendt-plays-last-enc-1-1024x576.jpg 1024w, https:\/\/gtvw.net\/wp-content\/uploads\/2018\/06\/tristan-angenendt-plays-last-enc-1-520x293.jpg 520w, https:\/\/gtvw.net\/wp-content\/uploads\/2018\/06\/tristan-angenendt-plays-last-enc-1-260x146.jpg 260w, https:\/\/gtvw.net\/wp-content\/uploads\/2018\/06\/tristan-angenendt-plays-last-enc-1-356x200.jpg 356w, https:\/\/gtvw.net\/wp-content\/uploads\/2018\/06\/tristan-angenendt-plays-last-enc-1-180x101.jpg 180w, https:\/\/gtvw.net\/wp-content\/uploads\/2018\/06\/tristan-angenendt-plays-last-enc-1-130x73.jpg 130w, https:\/\/gtvw.net\/wp-content\/uploads\/2018\/06\/tristan-angenendt-plays-last-enc-1-748x421.jpg 748w, https:\/\/gtvw.net\/wp-content\/uploads\/2018\/06\/tristan-angenendt-plays-last-enc-1-624x351.jpg 624w, https:\/\/gtvw.net\/wp-content\/uploads\/2018\/06\/tristan-angenendt-plays-last-enc-1.jpg 1280w\" sizes=\"auto, (max-width: 370px) 100vw, 370px\" alt=\"Tristan Angenendt plays Last Encores by Georg Schmitz\"\/><div class=\"link-overlay fa fa-play \"><\/div><\/a>\n\t\t\t\t\t<\/div><\/div>\t\n\t\t\t\t<\/div>\n\t\t\t\t<div class=\"col-md-6 col-sm-6\">\n\t\t\t\t\t<div class=\"item-head\">\n\t\t\t\t\t\t<h3><a href=\"https:\/\/gtvw.net\/es\/campbell_diamond\/\">Award series: Campbell Diamond<\/a><\/h3>\n\t\t\t\t\t\t<div class=\"item-info\"><span  class=\"item-author\"><a href=\"https:\/\/gtvw.net\/es\/author\/guitar-tv-world\/\" title=\"Guitar TV World\">Guitar TV World<\/a><\/span><span class=\"item-date\">junio 8, 2018<\/span><div class=\"item-meta no-bg\"><\/div>\n\t\t\t\t\t\t<\/div>\t\n\t\t\t\t\t<\/div>\n\t\t\t\t<div class=\"item-content\">[vc_row][vc_column][vc_column_text] Award series: Campbell Diamond Guitar TV World inicia su serie de laureados presentando al j\u00f3ven guitarrista australiano Campbell Diamond, ganador del Concurso de Guitarra Hubert K\u00e4ppel 2017 del Festival internacional de\u00a0 Koblenz.\u00a0 En esta producci\u00f3n, Campbell nos ofrece una magistral interpretaci\u00f3n de la Allemane y Courante de la suite para Cello BWV 1012 de<\/div>\n\t\t\t   <\/div>\n\t\t\t   <\/div><\/div><\/div><\/div><\/div><div class=\"clear\"><\/div>[\/vc_column][\/vc_row]<\/p>\n<\/div>","protected":false},"excerpt":{"rendered":"<p>[vc_row][vc_column][vc_column_text] AWARD SERIES Guitar TV World inicia su award series presentando al guitarrista australiano Campbell Diamond, ganador del concurso Internacional Hubert K\u00e4ppel 2017. En esta producci\u00f3n Campbell nos ofrece una magistral interpretaci\u00f3n de la Allemande y Courante de la suite BWV 1012 original para cello de Johann Sebastian Bach. Disfruten de este talentoso guitarrista! [\/vc_column_text][\/vc_column][\/vc_row][vc_row][vc_column][\/vc_column][\/vc_row]<\/p>\n","protected":false},"author":7,"featured_media":0,"parent":0,"menu_order":0,"comment_status":"closed","ping_status":"closed","template":"","meta":{"footnotes":""},"class_list":["post-3769","page","type-page","status-publish","hentry"],"yoast_head":"<!-- This site is optimized with the Yoast SEO plugin v26.7 - https:\/\/yoast.com\/wordpress\/plugins\/seo\/ -->\n<title>Award series - GTVW Music Television<\/title>\n<meta name=\"robots\" content=\"index, follow, max-snippet:-1, max-image-preview:large, max-video-preview:-1\" \/>\n<link rel=\"canonical\" href=\"https:\/\/gtvw.net\/es\/award-series\/\" \/>\n<meta property=\"og:locale\" content=\"es_ES\" \/>\n<meta property=\"og:type\" content=\"article\" \/>\n<meta property=\"og:title\" content=\"Award series - GTVW Music Television\" \/>\n<meta property=\"og:description\" content=\"[vc_row][vc_column][vc_column_text] AWARD SERIES Guitar TV World inicia su award series presentando al guitarrista australiano Campbell Diamond, ganador del concurso Internacional Hubert K\u00e4ppel 2017. En esta producci\u00f3n Campbell nos ofrece una magistral interpretaci\u00f3n de la Allemande y Courante de la suite BWV 1012 original para cello de Johann Sebastian Bach. Disfruten de este talentoso guitarrista! [\/vc_column_text][\/vc_column][\/vc_row][vc_row][vc_column][\/vc_column][\/vc_row]\" \/>\n<meta property=\"og:url\" content=\"https:\/\/gtvw.net\/es\/award-series\/\" \/>\n<meta property=\"og:site_name\" content=\"GTVW Music Television\" \/>\n<meta property=\"article:modified_time\" content=\"2018-06-08T15:14:46+00:00\" \/>\n<meta name=\"twitter:card\" content=\"summary_large_image\" \/>\n<script type=\"application\/ld+json\" class=\"yoast-schema-graph\">{\"@context\":\"https:\/\/schema.org\",\"@graph\":[{\"@type\":\"WebPage\",\"@id\":\"https:\/\/gtvw.net\/es\/award-series\/\",\"url\":\"https:\/\/gtvw.net\/es\/award-series\/\",\"name\":\"Award series - GTVW Music Television\",\"isPartOf\":{\"@id\":\"https:\/\/gtvw.net\/#website\"},\"datePublished\":\"2018-06-08T14:59:03+00:00\",\"dateModified\":\"2018-06-08T15:14:46+00:00\",\"breadcrumb\":{\"@id\":\"https:\/\/gtvw.net\/es\/award-series\/#breadcrumb\"},\"inLanguage\":\"es\",\"potentialAction\":[{\"@type\":\"ReadAction\",\"target\":[\"https:\/\/gtvw.net\/es\/award-series\/\"]}]},{\"@type\":\"BreadcrumbList\",\"@id\":\"https:\/\/gtvw.net\/es\/award-series\/#breadcrumb\",\"itemListElement\":[{\"@type\":\"ListItem\",\"position\":1,\"name\":\"Home\",\"item\":\"https:\/\/gtvw.net\/es\/\"},{\"@type\":\"ListItem\",\"position\":2,\"name\":\"Award series\"}]},{\"@type\":\"WebSite\",\"@id\":\"https:\/\/gtvw.net\/#website\",\"url\":\"https:\/\/gtvw.net\/\",\"name\":\"Guitar TV World\",\"description\":\"\",\"publisher\":{\"@id\":\"https:\/\/gtvw.net\/#organization\"},\"potentialAction\":[{\"@type\":\"SearchAction\",\"target\":{\"@type\":\"EntryPoint\",\"urlTemplate\":\"https:\/\/gtvw.net\/?s={search_term_string}\"},\"query-input\":{\"@type\":\"PropertyValueSpecification\",\"valueRequired\":true,\"valueName\":\"search_term_string\"}}],\"inLanguage\":\"es\"},{\"@type\":\"Organization\",\"@id\":\"https:\/\/gtvw.net\/#organization\",\"name\":\"Guitar TV World\",\"url\":\"https:\/\/gtvw.net\/\",\"logo\":{\"@type\":\"ImageObject\",\"inLanguage\":\"es\",\"@id\":\"https:\/\/gtvw.net\/#\/schema\/logo\/image\/\",\"url\":\"https:\/\/gtvw.net\/wp-content\/uploads\/2015\/08\/Horizont_Transp_clara.png\",\"contentUrl\":\"https:\/\/gtvw.net\/wp-content\/uploads\/2015\/08\/Horizont_Transp_clara.png\",\"width\":333,\"height\":67,\"caption\":\"Guitar TV World\"},\"image\":{\"@id\":\"https:\/\/gtvw.net\/#\/schema\/logo\/image\/\"}}]}<\/script>\n<!-- \/ Yoast SEO plugin. -->","yoast_head_json":{"title":"Award series - GTVW Music Television","robots":{"index":"index","follow":"follow","max-snippet":"max-snippet:-1","max-image-preview":"max-image-preview:large","max-video-preview":"max-video-preview:-1"},"canonical":"https:\/\/gtvw.net\/es\/award-series\/","og_locale":"es_ES","og_type":"article","og_title":"Award series - GTVW Music Television","og_description":"[vc_row][vc_column][vc_column_text] AWARD SERIES Guitar TV World inicia su award series presentando al guitarrista australiano Campbell Diamond, ganador del concurso Internacional Hubert K\u00e4ppel 2017. En esta producci\u00f3n Campbell nos ofrece una magistral interpretaci\u00f3n de la Allemande y Courante de la suite BWV 1012 original para cello de Johann Sebastian Bach. Disfruten de este talentoso guitarrista! [\/vc_column_text][\/vc_column][\/vc_row][vc_row][vc_column][\/vc_column][\/vc_row]","og_url":"https:\/\/gtvw.net\/es\/award-series\/","og_site_name":"GTVW Music Television","article_modified_time":"2018-06-08T15:14:46+00:00","twitter_card":"summary_large_image","schema":{"@context":"https:\/\/schema.org","@graph":[{"@type":"WebPage","@id":"https:\/\/gtvw.net\/es\/award-series\/","url":"https:\/\/gtvw.net\/es\/award-series\/","name":"Award series - GTVW Music Television","isPartOf":{"@id":"https:\/\/gtvw.net\/#website"},"datePublished":"2018-06-08T14:59:03+00:00","dateModified":"2018-06-08T15:14:46+00:00","breadcrumb":{"@id":"https:\/\/gtvw.net\/es\/award-series\/#breadcrumb"},"inLanguage":"es","potentialAction":[{"@type":"ReadAction","target":["https:\/\/gtvw.net\/es\/award-series\/"]}]},{"@type":"BreadcrumbList","@id":"https:\/\/gtvw.net\/es\/award-series\/#breadcrumb","itemListElement":[{"@type":"ListItem","position":1,"name":"Home","item":"https:\/\/gtvw.net\/es\/"},{"@type":"ListItem","position":2,"name":"Award series"}]},{"@type":"WebSite","@id":"https:\/\/gtvw.net\/#website","url":"https:\/\/gtvw.net\/","name":"Guitar TV World","description":"","publisher":{"@id":"https:\/\/gtvw.net\/#organization"},"potentialAction":[{"@type":"SearchAction","target":{"@type":"EntryPoint","urlTemplate":"https:\/\/gtvw.net\/?s={search_term_string}"},"query-input":{"@type":"PropertyValueSpecification","valueRequired":true,"valueName":"search_term_string"}}],"inLanguage":"es"},{"@type":"Organization","@id":"https:\/\/gtvw.net\/#organization","name":"Guitar TV World","url":"https:\/\/gtvw.net\/","logo":{"@type":"ImageObject","inLanguage":"es","@id":"https:\/\/gtvw.net\/#\/schema\/logo\/image\/","url":"https:\/\/gtvw.net\/wp-content\/uploads\/2015\/08\/Horizont_Transp_clara.png","contentUrl":"https:\/\/gtvw.net\/wp-content\/uploads\/2015\/08\/Horizont_Transp_clara.png","width":333,"height":67,"caption":"Guitar TV World"},"image":{"@id":"https:\/\/gtvw.net\/#\/schema\/logo\/image\/"}}]}},"_links":{"self":[{"href":"https:\/\/gtvw.net\/es\/wp-json\/wp\/v2\/pages\/3769","targetHints":{"allow":["GET"]}}],"collection":[{"href":"https:\/\/gtvw.net\/es\/wp-json\/wp\/v2\/pages"}],"about":[{"href":"https:\/\/gtvw.net\/es\/wp-json\/wp\/v2\/types\/page"}],"author":[{"embeddable":true,"href":"https:\/\/gtvw.net\/es\/wp-json\/wp\/v2\/users\/7"}],"replies":[{"embeddable":true,"href":"https:\/\/gtvw.net\/es\/wp-json\/wp\/v2\/comments?post=3769"}],"version-history":[{"count":3,"href":"https:\/\/gtvw.net\/es\/wp-json\/wp\/v2\/pages\/3769\/revisions"}],"predecessor-version":[{"id":3789,"href":"https:\/\/gtvw.net\/es\/wp-json\/wp\/v2\/pages\/3769\/revisions\/3789"}],"wp:attachment":[{"href":"https:\/\/gtvw.net\/es\/wp-json\/wp\/v2\/media?parent=3769"}],"curies":[{"name":"wp","href":"https:\/\/api.w.org\/{rel}","templated":true}]}}