{"id":3087,"date":"2016-06-18T15:48:59","date_gmt":"2016-06-18T15:48:59","guid":{"rendered":"http:\/\/gtvw.net\/es\/wood-dreamers\/"},"modified":"2016-06-18T16:10:49","modified_gmt":"2016-06-18T16:10:49","slug":"wood-dreamers","status":"publish","type":"page","link":"https:\/\/gtvw.net\/es\/wood-dreamers\/","title":{"rendered":"Wood dreamers"},"content":{"rendered":"<div class=\"wpb-content-wrapper\"><p>[vc_row][vc_column][vc_column_text]<\/p>\n<h1 style=\"text-align: justify;\"><span style=\"color: #333399;\">WOOD DREAMERS<\/span><\/h1>\n<p style=\"text-align: justify;\"><span style=\"color: #000000;\">Esta es la serie de Guitar TV World dedicada a quienes materializan la magia de la m\u00fasica para guitarra: los Luthiers. Wood dreamers consiste en una serie de reportajes acerca de los constructores de guitarras, en la cual no solo mostramos\u00a0su trabajo, sus propuestas art\u00edsticas, sus desarrollos t\u00e9cnicos, por supuesto sus instrumentos; sino tambi\u00e9n el ambiente\u00a0donde viven y trabajan y su personalidad. Probamos sus instrumentos y discutimos con ellos sus caracter\u00edsticas. Acomp\u00e1\u00f1enos a conocer a los luthiers m\u00e1s innovadores y descubrir su magia!<\/span><\/p>\n<p>[\/vc_column_text][\/vc_column][\/vc_row][vc_row][vc_column]\r\n\t\t\t<div class=\"smart-box  smart-box-style-4 is-carousel\" id=\"1059621205\"><div class=\"smart-box-head\" ><h2 class=\"light-title title\"><\/h2><div class=\"smart-control pull-right\">\r\n\t\t\t\t\t<a class=\"prev maincolor2 bordercolor2 bgcolor2hover\" href=\"#\" style=\"display: inline-block;\"><i class=\"fa fa-angle-left\"><\/i><\/a>\r\n\t\t\t\t\t<a class=\"next maincolor2 bordercolor2 bgcolor2hover\" href=\"#\" style=\"display: inline-block;\"><i class=\"fa fa-angle-right\"><\/i><\/a><\/div>\r\n\t\t\t<\/div><div class=\"smart-box-content\"><div class=\"smart-item it-row\">\r\n\t\t\t\t\t<div class=\"row\">\t\n\t\t\t<div class=\"video-item format-video\">\n\t\t\t   <div class=\"col-md-6 col-sm-6\">\n\t\t\t\t\t<div class=\"qv_tooltip\"  title=\"\n\t\t\t\t\t\t<h4 class='gv-title'>Wood dreamers: Umberto Raccis<\/h4>\n\t\t\t\t\t\t<div class='gv-ex' >Wood dreamers: Reportaje sobre el Luthier Umberto Raccis<\/div>\n\t\t\t\t\t\t<div class= 'gv-button'><div class='quick-view'><a href=https:\/\/gtvw.net\/es\/wood-dreamers-umberto-raccis\/ title='Wood dreamers: Umberto Raccis'>Watch Now<\/a><\/div>\n\t\t\t\t\t\t\t<div class= 'gv-link'><div><a href='\/\/www.youtube.com\/embed\/vktxNCk2UX0?rel=0&#038;wmode=transparent' data-post-id='3059'data-video-id='vktxNCk2UX0' data-video-type='youtube' class='quickview'  title='Wood dreamers: Umberto Raccis' data-embed='' data-url='https:\/\/gtvw.net\/es\/wood-dreamers-umberto-raccis\/' id='light_box'>Quick View<\/a><\/div><\/div>\n\t\t\t\t\t\t<\/div>\n\t\t\t\t\t\t<\/div>\n\t\t\t\t\t\">\t\n\t\t\t\t\t<div class=\"item-thumbnail\"><a href=\"https:\/\/gtvw.net\/es\/wood-dreamers-umberto-raccis\/\" title=\"Wood dreamers: Umberto Raccis\"><img loading=\"lazy\" decoding=\"async\" width=\"370\" height=\"208\"  src=\"https:\/\/gtvw.net\/wp-content\/uploads\/2016\/06\/portada_Wood_dreamers-370x208.jpg\" srcset=\"https:\/\/gtvw.net\/wp-content\/uploads\/2016\/06\/portada_Wood_dreamers-370x208.jpg 370w, https:\/\/gtvw.net\/wp-content\/uploads\/2016\/06\/portada_Wood_dreamers-300x169.jpg 300w, https:\/\/gtvw.net\/wp-content\/uploads\/2016\/06\/portada_Wood_dreamers-768x432.jpg 768w, https:\/\/gtvw.net\/wp-content\/uploads\/2016\/06\/portada_Wood_dreamers-1024x576.jpg 1024w, https:\/\/gtvw.net\/wp-content\/uploads\/2016\/06\/portada_Wood_dreamers-520x293.jpg 520w, https:\/\/gtvw.net\/wp-content\/uploads\/2016\/06\/portada_Wood_dreamers-260x146.jpg 260w, https:\/\/gtvw.net\/wp-content\/uploads\/2016\/06\/portada_Wood_dreamers-356x200.jpg 356w, https:\/\/gtvw.net\/wp-content\/uploads\/2016\/06\/portada_Wood_dreamers-180x101.jpg 180w, https:\/\/gtvw.net\/wp-content\/uploads\/2016\/06\/portada_Wood_dreamers-130x73.jpg 130w, https:\/\/gtvw.net\/wp-content\/uploads\/2016\/06\/portada_Wood_dreamers-748x421.jpg 748w, https:\/\/gtvw.net\/wp-content\/uploads\/2016\/06\/portada_Wood_dreamers-624x351.jpg 624w, https:\/\/gtvw.net\/wp-content\/uploads\/2016\/06\/portada_Wood_dreamers.jpg 1920w\" sizes=\"auto, (max-width: 370px) 100vw, 370px\" alt=\"portada_Wood_dreamers\"\/><div class=\"link-overlay fa fa-play \"><\/div><\/a>\n\t\t\t\t\t<\/div><\/div>\t\n\t\t\t\t<\/div>\n\t\t\t\t<div class=\"col-md-6 col-sm-6\">\n\t\t\t\t\t<div class=\"item-head\">\n\t\t\t\t\t\t<div class=\"item-info\"><div class=\"item-meta no-bg\"><\/div>\n\t\t\t\t\t\t<\/div>\t\n\t\t\t\t\t<\/div>\n\t\t\t\t<div class=\"item-content\">Wood dreamers: Reportaje sobre el Luthier Umberto Raccis<\/div>\n\t\t\t   <\/div>\n\t\t\t   <\/div><\/div><\/div><\/div><\/div><div class=\"clear\"><\/div>[\/vc_column][\/vc_row]<\/p>\n<\/div>","protected":false},"excerpt":{"rendered":"<p>[vc_row][vc_column][vc_column_text] WOOD DREAMERS Esta es la serie de Guitar TV World dedicada a quienes materializan la magia de la m\u00fasica para guitarra: los Luthiers. Wood dreamers consiste en una serie de reportajes acerca de los constructores de guitarras, en la cual no solo mostramos\u00a0su trabajo, sus propuestas art\u00edsticas, sus desarrollos t\u00e9cnicos, por supuesto sus instrumentos; sino tambi\u00e9n el ambiente\u00a0donde viven y trabajan y su personalidad. Probamos sus instrumentos y discutimos con ellos sus caracter\u00edsticas. Acomp\u00e1\u00f1enos a conocer a los luthiers m\u00e1s innovadores y descubrir su magia! [\/vc_column_text][\/vc_column][\/vc_row][vc_row][vc_column][\/vc_column][\/vc_row]<\/p>\n","protected":false},"author":7,"featured_media":0,"parent":0,"menu_order":0,"comment_status":"closed","ping_status":"closed","template":"","meta":{"footnotes":""},"class_list":["post-3087","page","type-page","status-publish","hentry"],"yoast_head":"<!-- This site is optimized with the Yoast SEO plugin v26.7 - https:\/\/yoast.com\/wordpress\/plugins\/seo\/ -->\n<title>Wood dreamers - GTVW Music Television<\/title>\n<meta name=\"robots\" content=\"index, follow, max-snippet:-1, max-image-preview:large, max-video-preview:-1\" \/>\n<link rel=\"canonical\" href=\"https:\/\/gtvw.net\/es\/wood-dreamers\/\" \/>\n<meta property=\"og:locale\" content=\"es_ES\" \/>\n<meta property=\"og:type\" content=\"article\" \/>\n<meta property=\"og:title\" content=\"Wood dreamers - GTVW Music Television\" \/>\n<meta property=\"og:description\" content=\"[vc_row][vc_column][vc_column_text] WOOD DREAMERS Esta es la serie de Guitar TV World dedicada a quienes materializan la magia de la m\u00fasica para guitarra: los Luthiers. Wood dreamers consiste en una serie de reportajes acerca de los constructores de guitarras, en la cual no solo mostramos\u00a0su trabajo, sus propuestas art\u00edsticas, sus desarrollos t\u00e9cnicos, por supuesto sus instrumentos; sino tambi\u00e9n el ambiente\u00a0donde viven y trabajan y su personalidad. Probamos sus instrumentos y discutimos con ellos sus caracter\u00edsticas. Acomp\u00e1\u00f1enos a conocer a los luthiers m\u00e1s innovadores y descubrir su magia! [\/vc_column_text][\/vc_column][\/vc_row][vc_row][vc_column][\/vc_column][\/vc_row]\" \/>\n<meta property=\"og:url\" content=\"https:\/\/gtvw.net\/es\/wood-dreamers\/\" \/>\n<meta property=\"og:site_name\" content=\"GTVW Music Television\" \/>\n<meta property=\"article:modified_time\" content=\"2016-06-18T16:10:49+00:00\" \/>\n<meta name=\"twitter:card\" content=\"summary_large_image\" \/>\n<meta name=\"twitter:label1\" content=\"Tiempo de lectura\" \/>\n\t<meta name=\"twitter:data1\" content=\"1 minuto\" \/>\n<script type=\"application\/ld+json\" class=\"yoast-schema-graph\">{\"@context\":\"https:\/\/schema.org\",\"@graph\":[{\"@type\":\"WebPage\",\"@id\":\"https:\/\/gtvw.net\/es\/wood-dreamers\/\",\"url\":\"https:\/\/gtvw.net\/es\/wood-dreamers\/\",\"name\":\"Wood dreamers - GTVW Music Television\",\"isPartOf\":{\"@id\":\"https:\/\/gtvw.net\/#website\"},\"datePublished\":\"2016-06-18T15:48:59+00:00\",\"dateModified\":\"2016-06-18T16:10:49+00:00\",\"breadcrumb\":{\"@id\":\"https:\/\/gtvw.net\/es\/wood-dreamers\/#breadcrumb\"},\"inLanguage\":\"es\",\"potentialAction\":[{\"@type\":\"ReadAction\",\"target\":[\"https:\/\/gtvw.net\/es\/wood-dreamers\/\"]}]},{\"@type\":\"BreadcrumbList\",\"@id\":\"https:\/\/gtvw.net\/es\/wood-dreamers\/#breadcrumb\",\"itemListElement\":[{\"@type\":\"ListItem\",\"position\":1,\"name\":\"Home\",\"item\":\"https:\/\/gtvw.net\/es\/\"},{\"@type\":\"ListItem\",\"position\":2,\"name\":\"Wood dreamers\"}]},{\"@type\":\"WebSite\",\"@id\":\"https:\/\/gtvw.net\/#website\",\"url\":\"https:\/\/gtvw.net\/\",\"name\":\"Guitar TV World\",\"description\":\"\",\"publisher\":{\"@id\":\"https:\/\/gtvw.net\/#organization\"},\"potentialAction\":[{\"@type\":\"SearchAction\",\"target\":{\"@type\":\"EntryPoint\",\"urlTemplate\":\"https:\/\/gtvw.net\/?s={search_term_string}\"},\"query-input\":{\"@type\":\"PropertyValueSpecification\",\"valueRequired\":true,\"valueName\":\"search_term_string\"}}],\"inLanguage\":\"es\"},{\"@type\":\"Organization\",\"@id\":\"https:\/\/gtvw.net\/#organization\",\"name\":\"Guitar TV World\",\"url\":\"https:\/\/gtvw.net\/\",\"logo\":{\"@type\":\"ImageObject\",\"inLanguage\":\"es\",\"@id\":\"https:\/\/gtvw.net\/#\/schema\/logo\/image\/\",\"url\":\"https:\/\/gtvw.net\/wp-content\/uploads\/2015\/08\/Horizont_Transp_clara.png\",\"contentUrl\":\"https:\/\/gtvw.net\/wp-content\/uploads\/2015\/08\/Horizont_Transp_clara.png\",\"width\":333,\"height\":67,\"caption\":\"Guitar TV World\"},\"image\":{\"@id\":\"https:\/\/gtvw.net\/#\/schema\/logo\/image\/\"}}]}<\/script>\n<!-- \/ Yoast SEO plugin. -->","yoast_head_json":{"title":"Wood dreamers - GTVW Music Television","robots":{"index":"index","follow":"follow","max-snippet":"max-snippet:-1","max-image-preview":"max-image-preview:large","max-video-preview":"max-video-preview:-1"},"canonical":"https:\/\/gtvw.net\/es\/wood-dreamers\/","og_locale":"es_ES","og_type":"article","og_title":"Wood dreamers - GTVW Music Television","og_description":"[vc_row][vc_column][vc_column_text] WOOD DREAMERS Esta es la serie de Guitar TV World dedicada a quienes materializan la magia de la m\u00fasica para guitarra: los Luthiers. Wood dreamers consiste en una serie de reportajes acerca de los constructores de guitarras, en la cual no solo mostramos\u00a0su trabajo, sus propuestas art\u00edsticas, sus desarrollos t\u00e9cnicos, por supuesto sus instrumentos; sino tambi\u00e9n el ambiente\u00a0donde viven y trabajan y su personalidad. Probamos sus instrumentos y discutimos con ellos sus caracter\u00edsticas. Acomp\u00e1\u00f1enos a conocer a los luthiers m\u00e1s innovadores y descubrir su magia! [\/vc_column_text][\/vc_column][\/vc_row][vc_row][vc_column][\/vc_column][\/vc_row]","og_url":"https:\/\/gtvw.net\/es\/wood-dreamers\/","og_site_name":"GTVW Music Television","article_modified_time":"2016-06-18T16:10:49+00:00","twitter_card":"summary_large_image","twitter_misc":{"Tiempo de lectura":"1 minuto"},"schema":{"@context":"https:\/\/schema.org","@graph":[{"@type":"WebPage","@id":"https:\/\/gtvw.net\/es\/wood-dreamers\/","url":"https:\/\/gtvw.net\/es\/wood-dreamers\/","name":"Wood dreamers - GTVW Music Television","isPartOf":{"@id":"https:\/\/gtvw.net\/#website"},"datePublished":"2016-06-18T15:48:59+00:00","dateModified":"2016-06-18T16:10:49+00:00","breadcrumb":{"@id":"https:\/\/gtvw.net\/es\/wood-dreamers\/#breadcrumb"},"inLanguage":"es","potentialAction":[{"@type":"ReadAction","target":["https:\/\/gtvw.net\/es\/wood-dreamers\/"]}]},{"@type":"BreadcrumbList","@id":"https:\/\/gtvw.net\/es\/wood-dreamers\/#breadcrumb","itemListElement":[{"@type":"ListItem","position":1,"name":"Home","item":"https:\/\/gtvw.net\/es\/"},{"@type":"ListItem","position":2,"name":"Wood dreamers"}]},{"@type":"WebSite","@id":"https:\/\/gtvw.net\/#website","url":"https:\/\/gtvw.net\/","name":"Guitar TV World","description":"","publisher":{"@id":"https:\/\/gtvw.net\/#organization"},"potentialAction":[{"@type":"SearchAction","target":{"@type":"EntryPoint","urlTemplate":"https:\/\/gtvw.net\/?s={search_term_string}"},"query-input":{"@type":"PropertyValueSpecification","valueRequired":true,"valueName":"search_term_string"}}],"inLanguage":"es"},{"@type":"Organization","@id":"https:\/\/gtvw.net\/#organization","name":"Guitar TV World","url":"https:\/\/gtvw.net\/","logo":{"@type":"ImageObject","inLanguage":"es","@id":"https:\/\/gtvw.net\/#\/schema\/logo\/image\/","url":"https:\/\/gtvw.net\/wp-content\/uploads\/2015\/08\/Horizont_Transp_clara.png","contentUrl":"https:\/\/gtvw.net\/wp-content\/uploads\/2015\/08\/Horizont_Transp_clara.png","width":333,"height":67,"caption":"Guitar TV World"},"image":{"@id":"https:\/\/gtvw.net\/#\/schema\/logo\/image\/"}}]}},"_links":{"self":[{"href":"https:\/\/gtvw.net\/es\/wp-json\/wp\/v2\/pages\/3087","targetHints":{"allow":["GET"]}}],"collection":[{"href":"https:\/\/gtvw.net\/es\/wp-json\/wp\/v2\/pages"}],"about":[{"href":"https:\/\/gtvw.net\/es\/wp-json\/wp\/v2\/types\/page"}],"author":[{"embeddable":true,"href":"https:\/\/gtvw.net\/es\/wp-json\/wp\/v2\/users\/7"}],"replies":[{"embeddable":true,"href":"https:\/\/gtvw.net\/es\/wp-json\/wp\/v2\/comments?post=3087"}],"version-history":[{"count":3,"href":"https:\/\/gtvw.net\/es\/wp-json\/wp\/v2\/pages\/3087\/revisions"}],"predecessor-version":[{"id":3090,"href":"https:\/\/gtvw.net\/es\/wp-json\/wp\/v2\/pages\/3087\/revisions\/3090"}],"wp:attachment":[{"href":"https:\/\/gtvw.net\/es\/wp-json\/wp\/v2\/media?parent=3087"}],"curies":[{"name":"wp","href":"https:\/\/api.w.org\/{rel}","templated":true}]}}