{"id":1852,"date":"2015-10-31T17:40:52","date_gmt":"2015-10-31T17:40:52","guid":{"rendered":"http:\/\/gtvw.net\/servicios-slider\/?lang=es"},"modified":"2016-12-07T08:39:17","modified_gmt":"2016-12-07T08:39:17","slug":"servicios-slider","status":"publish","type":"page","link":"https:\/\/gtvw.net\/es\/servicios-slider\/","title":{"rendered":"Video \/ Audio production"},"content":{"rendered":"<div class=\"wpb-content-wrapper\"><p>[vc_row][vc_column css=\u00bb.vc_custom_1446323429677{margin-top: -135px !important;}\u00bb][rev_slider_vc][vc_column_text css=\u00bb.vc_custom_1480963383226{padding-top: 30px !important;}\u00bb]<\/p>\n<h1 style=\"text-align: justify;\"><span style=\"color: #333399;\">Servicios \/ Video producci\u00f3n<\/span><\/h1>\n<p>&nbsp;<\/p>\n<p style=\"text-align: justify;\">Nuestros servicios de producci\u00f3n audiovisual est\u00e1n dirigidos a m\u00fasicos profesionales, festivales de m\u00fasica, constructores de guitarras, empresas de accesorios para guitarra, compan\u00edas editoriales de m\u00fasica y todo aquel que desee promocionar y publicitar su producto o proyecto art\u00edstico. Para lograr este objetivo, ofrecemos nuestros conocimientos en el \u00e1rea de fotograf\u00eda y audioproducci\u00f3n usando equipos de alta tecnolog\u00eda para garantizar un producto de alt\u00edsima calidad basada en un concepto art\u00edstico.<\/p>\n<p style=\"text-align: justify;\">Adem\u00e1s ofrecemos una amplia gama de formatos audiovisuales como videoreportages, spots publicitarios, trailers, video clips musicales, \u201emaking of\u201c y videoportraits y ponemos a su disposici\u00f3n nuestra plataforma de Internet (Web page, youtube channel, Facebook page, etc.) la cual le permitir\u00e1 alcanzar una gran audiencia internacional<\/p>\n<p>[\/vc_column_text][\/vc_column][\/vc_row][vc_row][vc_column width=\u00bb1\/2&#8243;][vc_video link=\u00bbhttps:\/\/www.youtube.com\/watch?v=Wxj7qiV6bA0&#8243; css=\u00bb.vc_custom_1446373781235{padding-top: 30px !important;}\u00bb][vc_column_text]<\/p>\n<h2><span style=\"color: #000000;\">Video portrait<\/span><\/h2>\n<p style=\"text-align: justify;\"><span style=\"color: #000000;\"><span lang=\"en-US\">This is a video format to introduce the artist and his activity. It is made of outdoor video shootings and extracts of playing performances. This includes a description about the artist read by a narrator and includes subtitles in several languages.<br \/>\n<\/span>This kind of format does not include an interview.<\/span><\/p>\n<p style=\"text-align: justify;\"><span style=\"color: #000000;\">\u00a0<\/span><\/p>\n<p>[\/vc_column_text][\/vc_column][vc_column width=\u00bb1\/2&#8243;][vc_video link=\u00bbhttps:\/\/www.youtube.com\/watch?v=rxVPUrXbYLo\u00bb css=\u00bb.vc_custom_1446373957472{border-top-width: 30px !important;padding-top: 30px !important;}\u00bb][vc_column_text]<\/p>\n<h2><span style=\"color: #000000;\">Trailer<\/span><\/h2>\n<p style=\"text-align: justify;\"><span lang=\"en-US\" style=\"color: #000000;\">It is a video format designed to promote a particular artistic idea such as a new concert program or an already existing CD recording. It consists of extracts of playing performances together with a small interview including subtitles in several languages in which the artist has the opportunity to introduce the new project.<\/span><\/p>\n<p style=\"text-align: justify;\"><span style=\"color: #000000;\">\u00a0<\/span><\/p>\n<p>[\/vc_column_text][\/vc_column][\/vc_row][vc_row][vc_column width=\u00bb1\/2&#8243;][vc_video link=\u00bbhttps:\/\/www.youtube.com\/watch?v=WJPnCAZuJ8E\u00bb][vc_column_text]<\/p>\n<h2><span style=\"color: #000000;\">Video clip<\/span><\/h2>\n<p style=\"text-align: justify;\"><span lang=\"en-US\" style=\"color: #000000;\">This is the recording of one complete piece.<\/span><\/p>\n<p><span style=\"color: #000000;\">\u00a0<\/span>[\/vc_column_text][\/vc_column][vc_column width=\u00bb1\/2&#8243;][vc_video link=\u00bbhttps:\/\/www.youtube.com\/watch?v=v3V4UbLmaPE\u00bb][vc_column_text]<\/p>\n<h2><span style=\"color: #000000;\">Advertising spot<\/span><\/h2>\n<p style=\"text-align: justify;\"><span lang=\"en-US\" style=\"color: #000000;\">This format consists in\u00a0the production of an advertising spot\u00a0to announce a product, idea or event. It is short, but concise and direct . This spot\u00a0is \u00abembeddable \u00bb in our productions as a special way of advertisement (see section Services \/ Advertising)<\/span><\/p>\n<p>[\/vc_column_text][\/vc_column][\/vc_row][vc_row][vc_column css=\u00bb.vc_custom_1447431324999{margin-top: 50px !important;}\u00bb][vc_column_text]<\/p>\n<h1><span style=\"color: #333399;\">Services \/ Audio production<\/span><\/h1>\n<p>&nbsp;<\/p>\n<p lang=\"en-US\" style=\"text-align: justify;\"><span style=\"color: #000000;\">Over the last fifteen years, we have been been working intensively to achieve the best quality in our audio recordings.<br \/>\nNot only the best equipment but also our personal professional career as musicians allow us to recognize and capture the most natural sound of each instrument.<br \/>\nIt is precisely this peculiarity which makes the difference of our sound: the beauty of nature!<br \/>\nFour factors are necessary to get the most natural sound: high-quality recording equipment, talented players, great instruments and the best natural acoustic response. For this reason, we usually do not record in studios but in churches or concert halls.<br \/>\nWe are specialized in recording classical instruments, especially classical guitar. We have worked together both with soloists and different kinds of chamber music ensembles like guitar duo, trio, quartet and guitar with voice, violin, cello, flute and much more.<br \/>\nSince we are working in collaboration with different labels, we can offer complete CD productions of the best quality not only in sound, but also appearance (design, booklet, photography, etc.) and marketing platforms.<\/span><\/p>\n<p lang=\"en-US\" style=\"text-align: justify;\"><span style=\"color: #000000;\">If you are looking for a recording with your true sound, with us you can find it!<\/span><\/p>\n<p style=\"text-align: justify;\"><span style=\"color: #000000;\">\u00a0<\/span><\/p>\n<p>[\/vc_column_text][\/vc_column][\/vc_row][vc_row][vc_column][vc_column_text]<\/p>\n<p style=\"text-align: justify;\"><span lang=\"en-US\" style=\"color: #000000;\">Please<\/span> <span style=\"text-decoration: underline; color: #0000ff;\"><a style=\"color: #0000ff; text-decoration: underline;\" href=\"http:\/\/gtvw.net\/contact-us\/\" target=\"_blank\">contact us<\/a><\/span> <span lang=\"en-US\" style=\"color: #000000;\">for more details about our video production services!<\/span><\/p>\n<p>[\/vc_column_text][\/vc_column][\/vc_row]<\/p>\n<\/div>","protected":false},"excerpt":{"rendered":"<p>[vc_row][vc_column css=\u00bb.vc_custom_1446323429677{margin-top: -135px !important;}\u00bb][rev_slider_vc][vc_column_text css=\u00bb.vc_custom_1480963383226{padding-top: 30px !important;}\u00bb] Servicios \/ Video producci\u00f3n &nbsp; Nuestros servicios de producci\u00f3n audiovisual est\u00e1n dirigidos a m\u00fasicos profesionales, festivales de m\u00fasica, constructores de guitarras, empresas de accesorios para guitarra, compan\u00edas editoriales de m\u00fasica y todo aquel que desee promocionar y publicitar su producto o proyecto art\u00edstico. Para lograr este objetivo, ofrecemos nuestros conocimientos en el \u00e1rea de fotograf\u00eda y audioproducci\u00f3n usando equipos de alta tecnolog\u00eda para garantizar un producto de alt\u00edsima calidad basada en un concepto art\u00edstico. Adem\u00e1s ofrecemos una amplia gama de formatos audiovisuales como videoreportages, spots publicitarios, trailers, video clips musicales, \u201emaking of\u201c y videoportraits y ponemos a su disposici\u00f3n nuestra plataforma de Internet [&hellip;]<\/p>\n","protected":false},"author":7,"featured_media":0,"parent":0,"menu_order":0,"comment_status":"closed","ping_status":"closed","template":"page-templates\/full-width.php","meta":{"footnotes":""},"class_list":["post-1852","page","type-page","status-publish","hentry"],"yoast_head":"<!-- This site is optimized with the Yoast SEO plugin v26.7 - https:\/\/yoast.com\/wordpress\/plugins\/seo\/ -->\n<title>Video \/ Audio production - GTVW Music Television<\/title>\n<meta name=\"robots\" content=\"index, follow, max-snippet:-1, max-image-preview:large, max-video-preview:-1\" \/>\n<link rel=\"canonical\" href=\"https:\/\/gtvw.net\/es\/servicios-slider\/\" \/>\n<meta property=\"og:locale\" content=\"es_ES\" \/>\n<meta property=\"og:type\" content=\"article\" \/>\n<meta property=\"og:title\" content=\"Video \/ Audio production - GTVW Music Television\" \/>\n<meta property=\"og:description\" content=\"[vc_row][vc_column css=\u00bb.vc_custom_1446323429677{margin-top: -135px !important;}\u00bb][rev_slider_vc][vc_column_text css=\u00bb.vc_custom_1480963383226{padding-top: 30px !important;}\u00bb] Servicios \/ Video producci\u00f3n &nbsp; Nuestros servicios de producci\u00f3n audiovisual est\u00e1n dirigidos a m\u00fasicos profesionales, festivales de m\u00fasica, constructores de guitarras, empresas de accesorios para guitarra, compan\u00edas editoriales de m\u00fasica y todo aquel que desee promocionar y publicitar su producto o proyecto art\u00edstico. Para lograr este objetivo, ofrecemos nuestros conocimientos en el \u00e1rea de fotograf\u00eda y audioproducci\u00f3n usando equipos de alta tecnolog\u00eda para garantizar un producto de alt\u00edsima calidad basada en un concepto art\u00edstico. Adem\u00e1s ofrecemos una amplia gama de formatos audiovisuales como videoreportages, spots publicitarios, trailers, video clips musicales, \u201emaking of\u201c y videoportraits y ponemos a su disposici\u00f3n nuestra plataforma de Internet [&hellip;]\" \/>\n<meta property=\"og:url\" content=\"https:\/\/gtvw.net\/es\/servicios-slider\/\" \/>\n<meta property=\"og:site_name\" content=\"GTVW Music Television\" \/>\n<meta property=\"article:modified_time\" content=\"2016-12-07T08:39:17+00:00\" \/>\n<meta name=\"twitter:card\" content=\"summary_large_image\" \/>\n<meta name=\"twitter:label1\" content=\"Tiempo de lectura\" \/>\n\t<meta name=\"twitter:data1\" content=\"3 minutos\" \/>\n<script type=\"application\/ld+json\" class=\"yoast-schema-graph\">{\"@context\":\"https:\/\/schema.org\",\"@graph\":[{\"@type\":\"WebPage\",\"@id\":\"https:\/\/gtvw.net\/es\/servicios-slider\/\",\"url\":\"https:\/\/gtvw.net\/es\/servicios-slider\/\",\"name\":\"Video \/ Audio production - GTVW Music Television\",\"isPartOf\":{\"@id\":\"https:\/\/gtvw.net\/#website\"},\"datePublished\":\"2015-10-31T17:40:52+00:00\",\"dateModified\":\"2016-12-07T08:39:17+00:00\",\"breadcrumb\":{\"@id\":\"https:\/\/gtvw.net\/es\/servicios-slider\/#breadcrumb\"},\"inLanguage\":\"es\",\"potentialAction\":[{\"@type\":\"ReadAction\",\"target\":[\"https:\/\/gtvw.net\/es\/servicios-slider\/\"]}]},{\"@type\":\"BreadcrumbList\",\"@id\":\"https:\/\/gtvw.net\/es\/servicios-slider\/#breadcrumb\",\"itemListElement\":[{\"@type\":\"ListItem\",\"position\":1,\"name\":\"Home\",\"item\":\"https:\/\/gtvw.net\/es\/\"},{\"@type\":\"ListItem\",\"position\":2,\"name\":\"Video \/ Audio production\"}]},{\"@type\":\"WebSite\",\"@id\":\"https:\/\/gtvw.net\/#website\",\"url\":\"https:\/\/gtvw.net\/\",\"name\":\"Guitar TV World\",\"description\":\"\",\"publisher\":{\"@id\":\"https:\/\/gtvw.net\/#organization\"},\"potentialAction\":[{\"@type\":\"SearchAction\",\"target\":{\"@type\":\"EntryPoint\",\"urlTemplate\":\"https:\/\/gtvw.net\/?s={search_term_string}\"},\"query-input\":{\"@type\":\"PropertyValueSpecification\",\"valueRequired\":true,\"valueName\":\"search_term_string\"}}],\"inLanguage\":\"es\"},{\"@type\":\"Organization\",\"@id\":\"https:\/\/gtvw.net\/#organization\",\"name\":\"Guitar TV World\",\"url\":\"https:\/\/gtvw.net\/\",\"logo\":{\"@type\":\"ImageObject\",\"inLanguage\":\"es\",\"@id\":\"https:\/\/gtvw.net\/#\/schema\/logo\/image\/\",\"url\":\"https:\/\/gtvw.net\/wp-content\/uploads\/2015\/08\/Horizont_Transp_clara.png\",\"contentUrl\":\"https:\/\/gtvw.net\/wp-content\/uploads\/2015\/08\/Horizont_Transp_clara.png\",\"width\":333,\"height\":67,\"caption\":\"Guitar TV World\"},\"image\":{\"@id\":\"https:\/\/gtvw.net\/#\/schema\/logo\/image\/\"}}]}<\/script>\n<!-- \/ Yoast SEO plugin. -->","yoast_head_json":{"title":"Video \/ Audio production - GTVW Music Television","robots":{"index":"index","follow":"follow","max-snippet":"max-snippet:-1","max-image-preview":"max-image-preview:large","max-video-preview":"max-video-preview:-1"},"canonical":"https:\/\/gtvw.net\/es\/servicios-slider\/","og_locale":"es_ES","og_type":"article","og_title":"Video \/ Audio production - GTVW Music Television","og_description":"[vc_row][vc_column css=\u00bb.vc_custom_1446323429677{margin-top: -135px !important;}\u00bb][rev_slider_vc][vc_column_text css=\u00bb.vc_custom_1480963383226{padding-top: 30px !important;}\u00bb] Servicios \/ Video producci\u00f3n &nbsp; Nuestros servicios de producci\u00f3n audiovisual est\u00e1n dirigidos a m\u00fasicos profesionales, festivales de m\u00fasica, constructores de guitarras, empresas de accesorios para guitarra, compan\u00edas editoriales de m\u00fasica y todo aquel que desee promocionar y publicitar su producto o proyecto art\u00edstico. Para lograr este objetivo, ofrecemos nuestros conocimientos en el \u00e1rea de fotograf\u00eda y audioproducci\u00f3n usando equipos de alta tecnolog\u00eda para garantizar un producto de alt\u00edsima calidad basada en un concepto art\u00edstico. Adem\u00e1s ofrecemos una amplia gama de formatos audiovisuales como videoreportages, spots publicitarios, trailers, video clips musicales, \u201emaking of\u201c y videoportraits y ponemos a su disposici\u00f3n nuestra plataforma de Internet [&hellip;]","og_url":"https:\/\/gtvw.net\/es\/servicios-slider\/","og_site_name":"GTVW Music Television","article_modified_time":"2016-12-07T08:39:17+00:00","twitter_card":"summary_large_image","twitter_misc":{"Tiempo de lectura":"3 minutos"},"schema":{"@context":"https:\/\/schema.org","@graph":[{"@type":"WebPage","@id":"https:\/\/gtvw.net\/es\/servicios-slider\/","url":"https:\/\/gtvw.net\/es\/servicios-slider\/","name":"Video \/ Audio production - GTVW Music Television","isPartOf":{"@id":"https:\/\/gtvw.net\/#website"},"datePublished":"2015-10-31T17:40:52+00:00","dateModified":"2016-12-07T08:39:17+00:00","breadcrumb":{"@id":"https:\/\/gtvw.net\/es\/servicios-slider\/#breadcrumb"},"inLanguage":"es","potentialAction":[{"@type":"ReadAction","target":["https:\/\/gtvw.net\/es\/servicios-slider\/"]}]},{"@type":"BreadcrumbList","@id":"https:\/\/gtvw.net\/es\/servicios-slider\/#breadcrumb","itemListElement":[{"@type":"ListItem","position":1,"name":"Home","item":"https:\/\/gtvw.net\/es\/"},{"@type":"ListItem","position":2,"name":"Video \/ Audio production"}]},{"@type":"WebSite","@id":"https:\/\/gtvw.net\/#website","url":"https:\/\/gtvw.net\/","name":"Guitar TV World","description":"","publisher":{"@id":"https:\/\/gtvw.net\/#organization"},"potentialAction":[{"@type":"SearchAction","target":{"@type":"EntryPoint","urlTemplate":"https:\/\/gtvw.net\/?s={search_term_string}"},"query-input":{"@type":"PropertyValueSpecification","valueRequired":true,"valueName":"search_term_string"}}],"inLanguage":"es"},{"@type":"Organization","@id":"https:\/\/gtvw.net\/#organization","name":"Guitar TV World","url":"https:\/\/gtvw.net\/","logo":{"@type":"ImageObject","inLanguage":"es","@id":"https:\/\/gtvw.net\/#\/schema\/logo\/image\/","url":"https:\/\/gtvw.net\/wp-content\/uploads\/2015\/08\/Horizont_Transp_clara.png","contentUrl":"https:\/\/gtvw.net\/wp-content\/uploads\/2015\/08\/Horizont_Transp_clara.png","width":333,"height":67,"caption":"Guitar TV World"},"image":{"@id":"https:\/\/gtvw.net\/#\/schema\/logo\/image\/"}}]}},"_links":{"self":[{"href":"https:\/\/gtvw.net\/es\/wp-json\/wp\/v2\/pages\/1852","targetHints":{"allow":["GET"]}}],"collection":[{"href":"https:\/\/gtvw.net\/es\/wp-json\/wp\/v2\/pages"}],"about":[{"href":"https:\/\/gtvw.net\/es\/wp-json\/wp\/v2\/types\/page"}],"author":[{"embeddable":true,"href":"https:\/\/gtvw.net\/es\/wp-json\/wp\/v2\/users\/7"}],"replies":[{"embeddable":true,"href":"https:\/\/gtvw.net\/es\/wp-json\/wp\/v2\/comments?post=1852"}],"version-history":[{"count":28,"href":"https:\/\/gtvw.net\/es\/wp-json\/wp\/v2\/pages\/1852\/revisions"}],"predecessor-version":[{"id":3215,"href":"https:\/\/gtvw.net\/es\/wp-json\/wp\/v2\/pages\/1852\/revisions\/3215"}],"wp:attachment":[{"href":"https:\/\/gtvw.net\/es\/wp-json\/wp\/v2\/media?parent=1852"}],"curies":[{"name":"wp","href":"https:\/\/api.w.org\/{rel}","templated":true}]}}