{"id":1823,"date":"2015-11-01T12:09:38","date_gmt":"2015-11-01T12:09:38","guid":{"rendered":"http:\/\/gtvw.net\/advertising\/?lang=es"},"modified":"2015-11-23T15:06:13","modified_gmt":"2015-11-23T15:06:13","slug":"advertising","status":"publish","type":"page","link":"https:\/\/gtvw.net\/es\/advertising\/","title":{"rendered":"Publicidad"},"content":{"rendered":"<div class=\"wpb-content-wrapper\"><p>[vc_row][vc_column css=\u00bb.vc_custom_1446767594635{margin-top: -135px !important;}\u00bb][rev_slider_vc alias=\u00bbAds_Banner\u00bb][vc_column_text css=\u00bb.vc_custom_1448291167717{padding-top: 50px !important;}\u00bb]<\/p>\n<h1><span style=\"color: #333399;\">Servicios \/\u00a0Publicidad<\/span><\/h1>\n<p>&nbsp;<\/p>\n<h2 style=\"text-align: justify;\"><strong><span style=\"color: #000000;\">Por qu\u00e9 anunciar?<\/span><\/strong><\/h2>\n<p style=\"text-align: justify;\"><span style=\"color: #000000;\">La publicidad es la mejor manera de comunicarse con sus clientes y de informarlos acerca de sus productos, ideas, servicios o eventos. Nuestra plataforma fu\u00e9 concebida y dise\u00f1ada para alcanzar una gran audiencia a nivel mundial y queremos ponerla a su disposici\u00f3n. Guitar TV World ofrece diferentes espacios para anuncios publicitarios como por ejemplo:<\/span><\/p>\n<p style=\"text-align: justify;\"><span style=\"color: #000000;\">1. Video publicitario incrustado en las videoproducciones<br \/>\n2. Imagen publicitaria incrustada en\u00a0las videoproducciones<br \/>\n3. Imagen publicitaria dentro de la p\u00e1gina<\/span><\/p>\n<p>[\/vc_column_text][\/vc_column][\/vc_row][vc_row][vc_column]\r\n\t\t\t<div class=\"smart-box  smart-box-style-3 smart-box-style-3-2 is-carousel\" id=\"1761347541\" data-pagi=\"pagi-1761347541\"><div class=\"smart-box-content\"><div class=\"col-md-4 col-sm-4 col-xs-4 \">\t\n\t\t\t<div class=\"video-item format-video\">\n\t\t\t\t  <div class=\"item-thumbnail\"><a href=\"https:\/\/gtvw.net\/es\/example-of-ads-video-mode\/\" title=\"1. Video incrustado en video\"><img loading=\"lazy\" decoding=\"async\" width=\"520\" height=\"293\"  src=\"https:\/\/gtvw.net\/wp-content\/uploads\/2015\/11\/example-of-ads-video-mode-520x293.jpg\" srcset=\"https:\/\/gtvw.net\/wp-content\/uploads\/2015\/11\/example-of-ads-video-mode-520x293.jpg 520w, https:\/\/gtvw.net\/wp-content\/uploads\/2015\/11\/example-of-ads-video-mode-300x169.jpg 300w, https:\/\/gtvw.net\/wp-content\/uploads\/2015\/11\/example-of-ads-video-mode-1024x576.jpg 1024w, https:\/\/gtvw.net\/wp-content\/uploads\/2015\/11\/example-of-ads-video-mode-260x146.jpg 260w, https:\/\/gtvw.net\/wp-content\/uploads\/2015\/11\/example-of-ads-video-mode-356x200.jpg 356w, https:\/\/gtvw.net\/wp-content\/uploads\/2015\/11\/example-of-ads-video-mode-370x208.jpg 370w, https:\/\/gtvw.net\/wp-content\/uploads\/2015\/11\/example-of-ads-video-mode-180x101.jpg 180w, https:\/\/gtvw.net\/wp-content\/uploads\/2015\/11\/example-of-ads-video-mode-130x73.jpg 130w, https:\/\/gtvw.net\/wp-content\/uploads\/2015\/11\/example-of-ads-video-mode-748x421.jpg 748w, https:\/\/gtvw.net\/wp-content\/uploads\/2015\/11\/example-of-ads-video-mode-624x351.jpg 624w, https:\/\/gtvw.net\/wp-content\/uploads\/2015\/11\/example-of-ads-video-mode.jpg 1920w\" sizes=\"auto, (max-width: 520px) 100vw, 520px\" alt=\"Example of Ads (Video-mode)\"\/><div class=\"link-overlay fa fa-play \"><\/div><\/a>\n\t\t\t\t  <\/div>\n\t\t\t\t  <div class=\"item-head\">\n\t\t\t\t\t  <h3><a href=\"https:\/\/gtvw.net\/es\/example-of-ads-video-mode\/\">1. Video incrustado en video<\/a><\/h3>\n\t\t\t\t\t  <div class=\"item-info\"><div class=\"item-meta no-bg\"><\/div>\n\t\t\t\t\t  <\/div>\t  \n\t\t\t\t  <\/div>\n\t\t\t\t  <\/div> <\/div><div class=\"col-md-4 col-sm-4 col-xs-4 \">\t\n\t\t\t<div class=\"video-item format-video\">\n\t\t\t\t  <div class=\"item-thumbnail\"><a href=\"https:\/\/gtvw.net\/es\/img_embedded_video\/\" title=\"2. Imagen incrustada en video\"><img loading=\"lazy\" decoding=\"async\" width=\"520\" height=\"293\"  src=\"https:\/\/gtvw.net\/wp-content\/uploads\/2015\/08\/luciano-marziali-plays-perosino-520x293.jpg\" srcset=\"https:\/\/gtvw.net\/wp-content\/uploads\/2015\/08\/luciano-marziali-plays-perosino-520x293.jpg 520w, https:\/\/gtvw.net\/wp-content\/uploads\/2015\/08\/luciano-marziali-plays-perosino-300x169.jpg 300w, https:\/\/gtvw.net\/wp-content\/uploads\/2015\/08\/luciano-marziali-plays-perosino-1024x576.jpg 1024w, https:\/\/gtvw.net\/wp-content\/uploads\/2015\/08\/luciano-marziali-plays-perosino-260x146.jpg 260w, https:\/\/gtvw.net\/wp-content\/uploads\/2015\/08\/luciano-marziali-plays-perosino-356x200.jpg 356w, https:\/\/gtvw.net\/wp-content\/uploads\/2015\/08\/luciano-marziali-plays-perosino-370x208.jpg 370w, https:\/\/gtvw.net\/wp-content\/uploads\/2015\/08\/luciano-marziali-plays-perosino-180x101.jpg 180w, https:\/\/gtvw.net\/wp-content\/uploads\/2015\/08\/luciano-marziali-plays-perosino-130x73.jpg 130w, https:\/\/gtvw.net\/wp-content\/uploads\/2015\/08\/luciano-marziali-plays-perosino-748x421.jpg 748w, https:\/\/gtvw.net\/wp-content\/uploads\/2015\/08\/luciano-marziali-plays-perosino-624x351.jpg 624w, https:\/\/gtvw.net\/wp-content\/uploads\/2015\/08\/luciano-marziali-plays-perosino.jpg 1920w\" sizes=\"auto, (max-width: 520px) 100vw, 520px\" alt=\"Luciano Marziali plays Perosino\"\/><div class=\"link-overlay fa fa-play \"><\/div><\/a>\n\t\t\t\t  <\/div>\n\t\t\t\t  <div class=\"item-head\">\n\t\t\t\t\t  <h3><a href=\"https:\/\/gtvw.net\/es\/img_embedded_video\/\">2. Imagen incrustada en video<\/a><\/h3>\n\t\t\t\t\t  <div class=\"item-info\"><div class=\"item-meta no-bg\"><\/div>\n\t\t\t\t\t  <\/div>\t  \n\t\t\t\t  <\/div>\n\t\t\t\t  <\/div> <\/div><\/div><div class=\"carousel-dotted\" id=\"pagi-1761347541\"><\/div>\r\n\t\t\t\t<\/div><div class=\"clear\"><\/div>[\/vc_column][\/vc_row][vc_row][vc_column width=\u00bb1\/2&#8243; css=\u00bb.vc_custom_1446581991939{padding-top: 10px !important;}\u00bb][vc_column_text]<\/p>\n<h2>3. Imagen publicitaria dentro de la p\u00e1gina<\/h2>\n<p>[\/vc_column_text][vc_single_image image=\u00bb2008&#8243; img_size=\u00bbfull\u00bb][\/vc_column][vc_column width=\u00bb1\/2&#8243; css=\u00bb.vc_custom_1446581890624{padding-top: 50px !important;}\u00bb][vc_single_image image=\u00bb2014&#8243; img_size=\u00bbfull\u00bb css=\u00bb.vc_custom_1447885010172{margin-top: 40px !important;}\u00bb][\/vc_column][\/vc_row][vc_row][vc_column][vc_column_text css=\u00bb.vc_custom_1447885924436{padding-top: 70px !important;}\u00bb]<\/p>\n<h2 style=\"text-align: justify;\"><strong><span style=\"color: #000000;\">Qu\u00e9 puedo anunciar en gtvw.net?<\/span><\/strong><\/h2>\n<p style=\"text-align: justify;\"><span style=\"color: #000000;\">En gtvw.net puede usted anunciar cualquier producto de calidad o idea relacionada con el mundo de la guitarra, por ejemplo: Guitarras (constructores, tiendas, etc.) , accesorios, cuerdas, estuches, CDs, conciertos, festivales, concursos o cualquier otro producto o evento que usted considere de inter\u00e9s para nuestra audiencia (un buen vino, por ejemplo!)<\/span><\/p>\n<p style=\"text-align: justify;\"><span style=\"color: #000000;\"><span style=\"text-decoration: underline;\"><span style=\"color: #0000ff;\"><a style=\"color: #0000ff; text-decoration: underline;\" href=\"http:\/\/www.gtvw.net\/contacto\" target=\"_blank\">Preg\u00fantenos por nuestros planes de publicidad<\/a><\/span><\/span> y forme parte de uno de los proyectos m\u00e1s excitantes del mundo de la guitarra!<\/span><\/p>\n<p>[\/vc_column_text][\/vc_column][\/vc_row]<\/p>\n<\/div>","protected":false},"excerpt":{"rendered":"<p>[vc_row][vc_column css=\u00bb.vc_custom_1446767594635{margin-top: -135px !important;}\u00bb][rev_slider_vc alias=\u00bbAds_Banner\u00bb][vc_column_text css=\u00bb.vc_custom_1448291167717{padding-top: 50px !important;}\u00bb] Servicios \/\u00a0Publicidad &nbsp; Por qu\u00e9 anunciar? La publicidad es la mejor manera de comunicarse con sus clientes y de informarlos acerca de sus productos, ideas, servicios o eventos. Nuestra plataforma fu\u00e9 concebida y dise\u00f1ada para alcanzar una gran audiencia a nivel mundial y queremos ponerla a su disposici\u00f3n. Guitar TV World ofrece diferentes espacios para anuncios publicitarios como por ejemplo: 1. Video publicitario incrustado en las videoproducciones 2. Imagen publicitaria incrustada en\u00a0las videoproducciones 3. Imagen publicitaria dentro de la p\u00e1gina [\/vc_column_text][\/vc_column][\/vc_row][vc_row][vc_column][\/vc_column][\/vc_row][vc_row][vc_column width=\u00bb1\/2&#8243; css=\u00bb.vc_custom_1446581991939{padding-top: 10px !important;}\u00bb][vc_column_text] 3. Imagen publicitaria dentro de la p\u00e1gina [\/vc_column_text][vc_single_image image=\u00bb2008&#8243; img_size=\u00bbfull\u00bb][\/vc_column][vc_column width=\u00bb1\/2&#8243; css=\u00bb.vc_custom_1446581890624{padding-top: 50px !important;}\u00bb][vc_single_image image=\u00bb2014&#8243; img_size=\u00bbfull\u00bb css=\u00bb.vc_custom_1447885010172{margin-top: [&hellip;]<\/p>\n","protected":false},"author":7,"featured_media":0,"parent":0,"menu_order":0,"comment_status":"closed","ping_status":"closed","template":"","meta":{"footnotes":""},"class_list":["post-1823","page","type-page","status-publish","hentry"],"yoast_head":"<!-- This site is optimized with the Yoast SEO plugin v26.7 - https:\/\/yoast.com\/wordpress\/plugins\/seo\/ -->\n<title>Publicidad - GTVW Music Television<\/title>\n<meta name=\"robots\" content=\"index, follow, max-snippet:-1, max-image-preview:large, max-video-preview:-1\" \/>\n<link rel=\"canonical\" href=\"https:\/\/gtvw.net\/es\/advertising\/\" \/>\n<meta property=\"og:locale\" content=\"es_ES\" \/>\n<meta property=\"og:type\" content=\"article\" \/>\n<meta property=\"og:title\" content=\"Publicidad - GTVW Music Television\" \/>\n<meta property=\"og:description\" content=\"[vc_row][vc_column css=\u00bb.vc_custom_1446767594635{margin-top: -135px !important;}\u00bb][rev_slider_vc alias=\u00bbAds_Banner\u00bb][vc_column_text css=\u00bb.vc_custom_1448291167717{padding-top: 50px !important;}\u00bb] Servicios \/\u00a0Publicidad &nbsp; Por qu\u00e9 anunciar? La publicidad es la mejor manera de comunicarse con sus clientes y de informarlos acerca de sus productos, ideas, servicios o eventos. Nuestra plataforma fu\u00e9 concebida y dise\u00f1ada para alcanzar una gran audiencia a nivel mundial y queremos ponerla a su disposici\u00f3n. Guitar TV World ofrece diferentes espacios para anuncios publicitarios como por ejemplo: 1. Video publicitario incrustado en las videoproducciones 2. Imagen publicitaria incrustada en\u00a0las videoproducciones 3. Imagen publicitaria dentro de la p\u00e1gina [\/vc_column_text][\/vc_column][\/vc_row][vc_row][vc_column][\/vc_column][\/vc_row][vc_row][vc_column width=\u00bb1\/2&#8243; css=\u00bb.vc_custom_1446581991939{padding-top: 10px !important;}\u00bb][vc_column_text] 3. Imagen publicitaria dentro de la p\u00e1gina [\/vc_column_text][vc_single_image image=\u00bb2008&#8243; img_size=\u00bbfull\u00bb][\/vc_column][vc_column width=\u00bb1\/2&#8243; css=\u00bb.vc_custom_1446581890624{padding-top: 50px !important;}\u00bb][vc_single_image image=\u00bb2014&#8243; img_size=\u00bbfull\u00bb css=\u00bb.vc_custom_1447885010172{margin-top: [&hellip;]\" \/>\n<meta property=\"og:url\" content=\"https:\/\/gtvw.net\/es\/advertising\/\" \/>\n<meta property=\"og:site_name\" content=\"GTVW Music Television\" \/>\n<meta property=\"article:modified_time\" content=\"2015-11-23T15:06:13+00:00\" \/>\n<meta name=\"twitter:card\" content=\"summary_large_image\" \/>\n<meta name=\"twitter:label1\" content=\"Tiempo de lectura\" \/>\n\t<meta name=\"twitter:data1\" content=\"2 minutos\" \/>\n<script type=\"application\/ld+json\" class=\"yoast-schema-graph\">{\"@context\":\"https:\/\/schema.org\",\"@graph\":[{\"@type\":\"WebPage\",\"@id\":\"https:\/\/gtvw.net\/es\/advertising\/\",\"url\":\"https:\/\/gtvw.net\/es\/advertising\/\",\"name\":\"Publicidad - GTVW Music Television\",\"isPartOf\":{\"@id\":\"https:\/\/gtvw.net\/#website\"},\"datePublished\":\"2015-11-01T12:09:38+00:00\",\"dateModified\":\"2015-11-23T15:06:13+00:00\",\"breadcrumb\":{\"@id\":\"https:\/\/gtvw.net\/es\/advertising\/#breadcrumb\"},\"inLanguage\":\"es\",\"potentialAction\":[{\"@type\":\"ReadAction\",\"target\":[\"https:\/\/gtvw.net\/es\/advertising\/\"]}]},{\"@type\":\"BreadcrumbList\",\"@id\":\"https:\/\/gtvw.net\/es\/advertising\/#breadcrumb\",\"itemListElement\":[{\"@type\":\"ListItem\",\"position\":1,\"name\":\"Home\",\"item\":\"https:\/\/gtvw.net\/es\/\"},{\"@type\":\"ListItem\",\"position\":2,\"name\":\"Publicidad\"}]},{\"@type\":\"WebSite\",\"@id\":\"https:\/\/gtvw.net\/#website\",\"url\":\"https:\/\/gtvw.net\/\",\"name\":\"Guitar TV World\",\"description\":\"\",\"publisher\":{\"@id\":\"https:\/\/gtvw.net\/#organization\"},\"potentialAction\":[{\"@type\":\"SearchAction\",\"target\":{\"@type\":\"EntryPoint\",\"urlTemplate\":\"https:\/\/gtvw.net\/?s={search_term_string}\"},\"query-input\":{\"@type\":\"PropertyValueSpecification\",\"valueRequired\":true,\"valueName\":\"search_term_string\"}}],\"inLanguage\":\"es\"},{\"@type\":\"Organization\",\"@id\":\"https:\/\/gtvw.net\/#organization\",\"name\":\"Guitar TV World\",\"url\":\"https:\/\/gtvw.net\/\",\"logo\":{\"@type\":\"ImageObject\",\"inLanguage\":\"es\",\"@id\":\"https:\/\/gtvw.net\/#\/schema\/logo\/image\/\",\"url\":\"https:\/\/gtvw.net\/wp-content\/uploads\/2015\/08\/Horizont_Transp_clara.png\",\"contentUrl\":\"https:\/\/gtvw.net\/wp-content\/uploads\/2015\/08\/Horizont_Transp_clara.png\",\"width\":333,\"height\":67,\"caption\":\"Guitar TV World\"},\"image\":{\"@id\":\"https:\/\/gtvw.net\/#\/schema\/logo\/image\/\"}}]}<\/script>\n<!-- \/ Yoast SEO plugin. -->","yoast_head_json":{"title":"Publicidad - GTVW Music Television","robots":{"index":"index","follow":"follow","max-snippet":"max-snippet:-1","max-image-preview":"max-image-preview:large","max-video-preview":"max-video-preview:-1"},"canonical":"https:\/\/gtvw.net\/es\/advertising\/","og_locale":"es_ES","og_type":"article","og_title":"Publicidad - GTVW Music Television","og_description":"[vc_row][vc_column css=\u00bb.vc_custom_1446767594635{margin-top: -135px !important;}\u00bb][rev_slider_vc alias=\u00bbAds_Banner\u00bb][vc_column_text css=\u00bb.vc_custom_1448291167717{padding-top: 50px !important;}\u00bb] Servicios \/\u00a0Publicidad &nbsp; Por qu\u00e9 anunciar? La publicidad es la mejor manera de comunicarse con sus clientes y de informarlos acerca de sus productos, ideas, servicios o eventos. Nuestra plataforma fu\u00e9 concebida y dise\u00f1ada para alcanzar una gran audiencia a nivel mundial y queremos ponerla a su disposici\u00f3n. Guitar TV World ofrece diferentes espacios para anuncios publicitarios como por ejemplo: 1. Video publicitario incrustado en las videoproducciones 2. Imagen publicitaria incrustada en\u00a0las videoproducciones 3. Imagen publicitaria dentro de la p\u00e1gina [\/vc_column_text][\/vc_column][\/vc_row][vc_row][vc_column][\/vc_column][\/vc_row][vc_row][vc_column width=\u00bb1\/2&#8243; css=\u00bb.vc_custom_1446581991939{padding-top: 10px !important;}\u00bb][vc_column_text] 3. Imagen publicitaria dentro de la p\u00e1gina [\/vc_column_text][vc_single_image image=\u00bb2008&#8243; img_size=\u00bbfull\u00bb][\/vc_column][vc_column width=\u00bb1\/2&#8243; css=\u00bb.vc_custom_1446581890624{padding-top: 50px !important;}\u00bb][vc_single_image image=\u00bb2014&#8243; img_size=\u00bbfull\u00bb css=\u00bb.vc_custom_1447885010172{margin-top: [&hellip;]","og_url":"https:\/\/gtvw.net\/es\/advertising\/","og_site_name":"GTVW Music Television","article_modified_time":"2015-11-23T15:06:13+00:00","twitter_card":"summary_large_image","twitter_misc":{"Tiempo de lectura":"2 minutos"},"schema":{"@context":"https:\/\/schema.org","@graph":[{"@type":"WebPage","@id":"https:\/\/gtvw.net\/es\/advertising\/","url":"https:\/\/gtvw.net\/es\/advertising\/","name":"Publicidad - GTVW Music Television","isPartOf":{"@id":"https:\/\/gtvw.net\/#website"},"datePublished":"2015-11-01T12:09:38+00:00","dateModified":"2015-11-23T15:06:13+00:00","breadcrumb":{"@id":"https:\/\/gtvw.net\/es\/advertising\/#breadcrumb"},"inLanguage":"es","potentialAction":[{"@type":"ReadAction","target":["https:\/\/gtvw.net\/es\/advertising\/"]}]},{"@type":"BreadcrumbList","@id":"https:\/\/gtvw.net\/es\/advertising\/#breadcrumb","itemListElement":[{"@type":"ListItem","position":1,"name":"Home","item":"https:\/\/gtvw.net\/es\/"},{"@type":"ListItem","position":2,"name":"Publicidad"}]},{"@type":"WebSite","@id":"https:\/\/gtvw.net\/#website","url":"https:\/\/gtvw.net\/","name":"Guitar TV World","description":"","publisher":{"@id":"https:\/\/gtvw.net\/#organization"},"potentialAction":[{"@type":"SearchAction","target":{"@type":"EntryPoint","urlTemplate":"https:\/\/gtvw.net\/?s={search_term_string}"},"query-input":{"@type":"PropertyValueSpecification","valueRequired":true,"valueName":"search_term_string"}}],"inLanguage":"es"},{"@type":"Organization","@id":"https:\/\/gtvw.net\/#organization","name":"Guitar TV World","url":"https:\/\/gtvw.net\/","logo":{"@type":"ImageObject","inLanguage":"es","@id":"https:\/\/gtvw.net\/#\/schema\/logo\/image\/","url":"https:\/\/gtvw.net\/wp-content\/uploads\/2015\/08\/Horizont_Transp_clara.png","contentUrl":"https:\/\/gtvw.net\/wp-content\/uploads\/2015\/08\/Horizont_Transp_clara.png","width":333,"height":67,"caption":"Guitar TV World"},"image":{"@id":"https:\/\/gtvw.net\/#\/schema\/logo\/image\/"}}]}},"_links":{"self":[{"href":"https:\/\/gtvw.net\/es\/wp-json\/wp\/v2\/pages\/1823","targetHints":{"allow":["GET"]}}],"collection":[{"href":"https:\/\/gtvw.net\/es\/wp-json\/wp\/v2\/pages"}],"about":[{"href":"https:\/\/gtvw.net\/es\/wp-json\/wp\/v2\/types\/page"}],"author":[{"embeddable":true,"href":"https:\/\/gtvw.net\/es\/wp-json\/wp\/v2\/users\/7"}],"replies":[{"embeddable":true,"href":"https:\/\/gtvw.net\/es\/wp-json\/wp\/v2\/comments?post=1823"}],"version-history":[{"count":26,"href":"https:\/\/gtvw.net\/es\/wp-json\/wp\/v2\/pages\/1823\/revisions"}],"predecessor-version":[{"id":1828,"href":"https:\/\/gtvw.net\/es\/wp-json\/wp\/v2\/pages\/1823\/revisions\/1828"}],"wp:attachment":[{"href":"https:\/\/gtvw.net\/es\/wp-json\/wp\/v2\/media?parent=1823"}],"curies":[{"name":"wp","href":"https:\/\/api.w.org\/{rel}","templated":true}]}}